{"id":620,"date":"2023-10-09T16:17:09","date_gmt":"2023-10-09T19:17:09","guid":{"rendered":"https:\/\/tereza.org.br\/?post_type=product&#038;p=620"},"modified":"2025-10-08T10:23:25","modified_gmt":"2025-10-08T13:23:25","slug":"tereza-mlk-limited-edition-bag","status":"publish","type":"product","link":"https:\/\/tereza.org.br\/en\/product\/tereza-mlk-limited-edition-bag\/","title":{"rendered":"Tereza &amp; MLK Bag (Limited Edition)"},"content":{"rendered":"","protected":false},"excerpt":{"rendered":"<p><span style=\"font-weight: 400;\">Limited-edition bag designed by Tereza and Mameluka. Based on the traditional Patr\u00edcia bag, made from felt made from recycled PET plastic bottles, the capsule collection features unique pieces with premium leather handles and leather fringes.\u00a0<\/span><\/p>\n<p>Check color availability.<\/p>","protected":false},"featured_media":621,"comment_status":"open","ping_status":"closed","template":"","meta":[],"product_brand":[],"product_cat":[35],"product_tag":[37,52,51],"class_list":{"0":"post-620","1":"product","2":"type-product","3":"status-publish","4":"has-post-thumbnail","6":"product_cat-catalogo","7":"product_tag-colecao-recicla-pet","8":"product_tag-collabs","9":"product_tag-tereza-mlk","10":"product_shipping_class-brasil","12":"first","13":"outofstock","14":"featured","15":"shipping-taxable","16":"purchasable","17":"product-type-simple"},"yoast_head":"<!-- This site is optimized with the Yoast SEO plugin v27.4 - https:\/\/yoast.com\/product\/yoast-seo-wordpress\/ -->\n<title>Bolsa Tereza &amp; MLK (Edi\u00e7\u00e3o Limitada) - Tereza<\/title>\n<meta name=\"description\" content=\"Bolsa em edi\u00e7\u00e3o limitada desenvolvida por Tereza e Mameluka. Baseada no tradicional modelo da Sacola Patr\u00edcia, em feltro elaborado a partir de reciclagem de garrafas pl\u00e1sticas PET, a cole\u00e7\u00e3o c\u00e1psula traz pe\u00e7as \u00fanicas e exclusivas, com al\u00e7as de couro premium e barbicachos (franja de tiras de couro).\" \/>\n<meta name=\"robots\" content=\"index, follow, max-snippet:-1, max-image-preview:large, max-video-preview:-1\" \/>\n<link rel=\"canonical\" href=\"https:\/\/ec2-18-236-27-98.us-west-2.compute.amazonaws.com\/en\/product\/tereza-mlk-limited-edition-bag\/\" \/>\n<meta property=\"og:locale\" content=\"en_US\" \/>\n<meta property=\"og:type\" content=\"article\" \/>\n<meta property=\"og:title\" content=\"Bolsa Tereza &amp; MLK (Edi\u00e7\u00e3o Limitada) - Tereza\" \/>\n<meta property=\"og:description\" content=\"Bolsa em edi\u00e7\u00e3o limitada desenvolvida por Tereza e Mameluka. Baseada no tradicional modelo da Sacola Patr\u00edcia, em feltro elaborado a partir de reciclagem de garrafas pl\u00e1sticas PET, a cole\u00e7\u00e3o c\u00e1psula traz pe\u00e7as \u00fanicas e exclusivas, com al\u00e7as de couro premium e barbicachos (franja de tiras de couro).\" \/>\n<meta property=\"og:url\" content=\"https:\/\/ec2-18-236-27-98.us-west-2.compute.amazonaws.com\/en\/product\/tereza-mlk-limited-edition-bag\/\" \/>\n<meta property=\"og:site_name\" content=\"Tereza\" \/>\n<meta property=\"article:publisher\" content=\"https:\/\/www.facebook.com\/terezavaleapena\/\" \/>\n<meta property=\"article:modified_time\" content=\"2025-10-08T13:23:25+00:00\" \/>\n<meta property=\"og:image\" content=\"https:\/\/ec2-18-236-27-98.us-west-2.compute.amazonaws.com\/wp-content\/uploads\/2023\/10\/DSC0521-foto-1.jpg\" \/>\n\t<meta property=\"og:image:width\" content=\"800\" \/>\n\t<meta property=\"og:image:height\" content=\"534\" \/>\n\t<meta property=\"og:image:type\" content=\"image\/jpeg\" \/>\n<meta name=\"twitter:card\" content=\"summary_large_image\" \/>\n<meta name=\"twitter:label1\" content=\"Est. reading time\" \/>\n\t<meta name=\"twitter:data1\" content=\"1 minute\" \/>\n<script type=\"application\/ld+json\" class=\"yoast-schema-graph\">{\"@context\":\"https:\\\/\\\/schema.org\",\"@graph\":[{\"@type\":\"WebPage\",\"@id\":\"https:\\\/\\\/ec2-18-236-27-98.us-west-2.compute.amazonaws.com\\\/en\\\/product\\\/tereza-mlk-limited-edition-bag\\\/\",\"url\":\"https:\\\/\\\/ec2-18-236-27-98.us-west-2.compute.amazonaws.com\\\/en\\\/product\\\/tereza-mlk-limited-edition-bag\\\/\",\"name\":\"Bolsa Tereza & MLK (Edi\u00e7\u00e3o Limitada) - Tereza\",\"isPartOf\":{\"@id\":\"https:\\\/\\\/tereza.org.br\\\/#website\"},\"primaryImageOfPage\":{\"@id\":\"https:\\\/\\\/ec2-18-236-27-98.us-west-2.compute.amazonaws.com\\\/en\\\/product\\\/tereza-mlk-limited-edition-bag\\\/#primaryimage\"},\"image\":{\"@id\":\"https:\\\/\\\/ec2-18-236-27-98.us-west-2.compute.amazonaws.com\\\/en\\\/product\\\/tereza-mlk-limited-edition-bag\\\/#primaryimage\"},\"thumbnailUrl\":\"https:\\\/\\\/tereza.org.br\\\/wp-content\\\/uploads\\\/2023\\\/10\\\/DSC0521-foto-1.jpg\",\"datePublished\":\"2023-10-09T19:17:09+00:00\",\"dateModified\":\"2025-10-08T13:23:25+00:00\",\"description\":\"Bolsa em edi\u00e7\u00e3o limitada desenvolvida por Tereza e Mameluka. Baseada no tradicional modelo da Sacola Patr\u00edcia, em feltro elaborado a partir de reciclagem de garrafas pl\u00e1sticas PET, a cole\u00e7\u00e3o c\u00e1psula traz pe\u00e7as \u00fanicas e exclusivas, com al\u00e7as de couro premium e barbicachos (franja de tiras de couro).\",\"breadcrumb\":{\"@id\":\"https:\\\/\\\/ec2-18-236-27-98.us-west-2.compute.amazonaws.com\\\/en\\\/product\\\/tereza-mlk-limited-edition-bag\\\/#breadcrumb\"},\"inLanguage\":\"en-US\",\"potentialAction\":[{\"@type\":\"ReadAction\",\"target\":[\"https:\\\/\\\/ec2-18-236-27-98.us-west-2.compute.amazonaws.com\\\/en\\\/product\\\/tereza-mlk-limited-edition-bag\\\/\"]}]},{\"@type\":\"ImageObject\",\"inLanguage\":\"en-US\",\"@id\":\"https:\\\/\\\/ec2-18-236-27-98.us-west-2.compute.amazonaws.com\\\/en\\\/product\\\/tereza-mlk-limited-edition-bag\\\/#primaryimage\",\"url\":\"https:\\\/\\\/tereza.org.br\\\/wp-content\\\/uploads\\\/2023\\\/10\\\/DSC0521-foto-1.jpg\",\"contentUrl\":\"https:\\\/\\\/tereza.org.br\\\/wp-content\\\/uploads\\\/2023\\\/10\\\/DSC0521-foto-1.jpg\",\"width\":800,\"height\":534},{\"@type\":\"BreadcrumbList\",\"@id\":\"https:\\\/\\\/ec2-18-236-27-98.us-west-2.compute.amazonaws.com\\\/en\\\/product\\\/tereza-mlk-limited-edition-bag\\\/#breadcrumb\",\"itemListElement\":[{\"@type\":\"ListItem\",\"position\":1,\"name\":\"In\u00edcio\",\"item\":\"https:\\\/\\\/tereza.org.br\\\/\"},{\"@type\":\"ListItem\",\"position\":2,\"name\":\"Loja\",\"item\":\"https:\\\/\\\/18.236.27.98\\\/loja\\\/\"},{\"@type\":\"ListItem\",\"position\":3,\"name\":\"Bolsa Tereza &#038; MLK (Edi\u00e7\u00e3o Limitada)\"}]},{\"@type\":\"WebSite\",\"@id\":\"https:\\\/\\\/tereza.org.br\\\/#website\",\"url\":\"https:\\\/\\\/tereza.org.br\\\/\",\"name\":\"Tereza\",\"description\":\"Vale a Pena\",\"publisher\":{\"@id\":\"https:\\\/\\\/tereza.org.br\\\/#organization\"},\"potentialAction\":[{\"@type\":\"SearchAction\",\"target\":{\"@type\":\"EntryPoint\",\"urlTemplate\":\"https:\\\/\\\/tereza.org.br\\\/?s={search_term_string}\"},\"query-input\":{\"@type\":\"PropertyValueSpecification\",\"valueRequired\":true,\"valueName\":\"search_term_string\"}}],\"inLanguage\":\"en-US\"},{\"@type\":\"Organization\",\"@id\":\"https:\\\/\\\/tereza.org.br\\\/#organization\",\"name\":\"Tereza\",\"url\":\"https:\\\/\\\/tereza.org.br\\\/\",\"logo\":{\"@type\":\"ImageObject\",\"inLanguage\":\"en-US\",\"@id\":\"https:\\\/\\\/tereza.org.br\\\/#\\\/schema\\\/logo\\\/image\\\/\",\"url\":\"http:\\\/\\\/tereza.org.br\\\/wp-content\\\/uploads\\\/2022\\\/06\\\/cropped-cropped-tereza-favicon.jpg\",\"contentUrl\":\"http:\\\/\\\/tereza.org.br\\\/wp-content\\\/uploads\\\/2022\\\/06\\\/cropped-cropped-tereza-favicon.jpg\",\"width\":512,\"height\":512,\"caption\":\"Tereza\"},\"image\":{\"@id\":\"https:\\\/\\\/tereza.org.br\\\/#\\\/schema\\\/logo\\\/image\\\/\"},\"sameAs\":[\"https:\\\/\\\/www.facebook.com\\\/terezavaleapena\\\/\"]}]}<\/script>\n<!-- \/ Yoast SEO plugin. -->","yoast_head_json":{"title":"Tereza &amp; MLK Bag (Limited Edition) - Tereza","description":"Limited-edition bag designed by Tereza and Mameluka. Based on the traditional Patr\u00edcia bag, made from felt made from recycled PET plastic bottles, the capsule collection features unique pieces with premium leather handles and leather fringes.","robots":{"index":"index","follow":"follow","max-snippet":"max-snippet:-1","max-image-preview":"max-image-preview:large","max-video-preview":"max-video-preview:-1"},"canonical":"https:\/\/ec2-18-236-27-98.us-west-2.compute.amazonaws.com\/en\/product\/tereza-mlk-limited-edition-bag\/","og_locale":"en_US","og_type":"article","og_title":"Bolsa Tereza & MLK (Edi\u00e7\u00e3o Limitada) - Tereza","og_description":"Bolsa em edi\u00e7\u00e3o limitada desenvolvida por Tereza e Mameluka. Baseada no tradicional modelo da Sacola Patr\u00edcia, em feltro elaborado a partir de reciclagem de garrafas pl\u00e1sticas PET, a cole\u00e7\u00e3o c\u00e1psula traz pe\u00e7as \u00fanicas e exclusivas, com al\u00e7as de couro premium e barbicachos (franja de tiras de couro).","og_url":"https:\/\/ec2-18-236-27-98.us-west-2.compute.amazonaws.com\/en\/product\/tereza-mlk-limited-edition-bag\/","og_site_name":"Tereza","article_publisher":"https:\/\/www.facebook.com\/terezavaleapena\/","article_modified_time":"2025-10-08T13:23:25+00:00","og_image":[{"width":800,"height":534,"url":"https:\/\/ec2-18-236-27-98.us-west-2.compute.amazonaws.com\/wp-content\/uploads\/2023\/10\/DSC0521-foto-1.jpg","type":"image\/jpeg"}],"twitter_card":"summary_large_image","twitter_misc":{"Est. reading time":"1 minute"},"schema":{"@context":"https:\/\/schema.org","@graph":[{"@type":"WebPage","@id":"https:\/\/ec2-18-236-27-98.us-west-2.compute.amazonaws.com\/en\/product\/tereza-mlk-limited-edition-bag\/","url":"https:\/\/ec2-18-236-27-98.us-west-2.compute.amazonaws.com\/en\/product\/tereza-mlk-limited-edition-bag\/","name":"Tereza &amp; MLK Bag (Limited Edition) - Tereza","isPartOf":{"@id":"https:\/\/tereza.org.br\/#website"},"primaryImageOfPage":{"@id":"https:\/\/ec2-18-236-27-98.us-west-2.compute.amazonaws.com\/en\/product\/tereza-mlk-limited-edition-bag\/#primaryimage"},"image":{"@id":"https:\/\/ec2-18-236-27-98.us-west-2.compute.amazonaws.com\/en\/product\/tereza-mlk-limited-edition-bag\/#primaryimage"},"thumbnailUrl":"https:\/\/tereza.org.br\/wp-content\/uploads\/2023\/10\/DSC0521-foto-1.jpg","datePublished":"2023-10-09T19:17:09+00:00","dateModified":"2025-10-08T13:23:25+00:00","description":"Limited-edition bag designed by Tereza and Mameluka. Based on the traditional Patr\u00edcia bag, made from felt made from recycled PET plastic bottles, the capsule collection features unique pieces with premium leather handles and leather fringes.","breadcrumb":{"@id":"https:\/\/ec2-18-236-27-98.us-west-2.compute.amazonaws.com\/en\/product\/tereza-mlk-limited-edition-bag\/#breadcrumb"},"inLanguage":"en-US","potentialAction":[{"@type":"ReadAction","target":["https:\/\/ec2-18-236-27-98.us-west-2.compute.amazonaws.com\/en\/product\/tereza-mlk-limited-edition-bag\/"]}]},{"@type":"ImageObject","inLanguage":"en-US","@id":"https:\/\/ec2-18-236-27-98.us-west-2.compute.amazonaws.com\/en\/product\/tereza-mlk-limited-edition-bag\/#primaryimage","url":"https:\/\/tereza.org.br\/wp-content\/uploads\/2023\/10\/DSC0521-foto-1.jpg","contentUrl":"https:\/\/tereza.org.br\/wp-content\/uploads\/2023\/10\/DSC0521-foto-1.jpg","width":800,"height":534},{"@type":"BreadcrumbList","@id":"https:\/\/ec2-18-236-27-98.us-west-2.compute.amazonaws.com\/en\/product\/tereza-mlk-limited-edition-bag\/#breadcrumb","itemListElement":[{"@type":"ListItem","position":1,"name":"In\u00edcio","item":"https:\/\/tereza.org.br\/"},{"@type":"ListItem","position":2,"name":"Loja","item":"https:\/\/18.236.27.98\/loja\/"},{"@type":"ListItem","position":3,"name":"Bolsa Tereza &#038; MLK (Edi\u00e7\u00e3o Limitada)"}]},{"@type":"WebSite","@id":"https:\/\/tereza.org.br\/#website","url":"https:\/\/tereza.org.br\/","name":"Teresa","description":"It is worth it","publisher":{"@id":"https:\/\/tereza.org.br\/#organization"},"potentialAction":[{"@type":"SearchAction","target":{"@type":"EntryPoint","urlTemplate":"https:\/\/tereza.org.br\/?s={search_term_string}"},"query-input":{"@type":"PropertyValueSpecification","valueRequired":true,"valueName":"search_term_string"}}],"inLanguage":"en-US"},{"@type":"Organization","@id":"https:\/\/tereza.org.br\/#organization","name":"Teresa","url":"https:\/\/tereza.org.br\/","logo":{"@type":"ImageObject","inLanguage":"en-US","@id":"https:\/\/tereza.org.br\/#\/schema\/logo\/image\/","url":"https:\/\/tereza.org.br\/wp-content\/uploads\/2022\/06\/cropped-cropped-tereza-favicon.jpg","contentUrl":"https:\/\/tereza.org.br\/wp-content\/uploads\/2022\/06\/cropped-cropped-tereza-favicon.jpg","width":512,"height":512,"caption":"Tereza"},"image":{"@id":"https:\/\/tereza.org.br\/#\/schema\/logo\/image\/"},"sameAs":["https:\/\/www.facebook.com\/terezavaleapena\/"]}]}},"_links":{"self":[{"href":"https:\/\/tereza.org.br\/en\/wp-json\/wp\/v2\/product\/620","targetHints":{"allow":["GET"]}}],"collection":[{"href":"https:\/\/tereza.org.br\/en\/wp-json\/wp\/v2\/product"}],"about":[{"href":"https:\/\/tereza.org.br\/en\/wp-json\/wp\/v2\/types\/product"}],"replies":[{"embeddable":true,"href":"https:\/\/tereza.org.br\/en\/wp-json\/wp\/v2\/comments?post=620"}],"wp:featuredmedia":[{"embeddable":true,"href":"https:\/\/tereza.org.br\/en\/wp-json\/wp\/v2\/media\/621"}],"wp:attachment":[{"href":"https:\/\/tereza.org.br\/en\/wp-json\/wp\/v2\/media?parent=620"}],"wp:term":[{"taxonomy":"product_brand","embeddable":true,"href":"https:\/\/tereza.org.br\/en\/wp-json\/wp\/v2\/product_brand?post=620"},{"taxonomy":"product_cat","embeddable":true,"href":"https:\/\/tereza.org.br\/en\/wp-json\/wp\/v2\/product_cat?post=620"},{"taxonomy":"product_tag","embeddable":true,"href":"https:\/\/tereza.org.br\/en\/wp-json\/wp\/v2\/product_tag?post=620"}],"curies":[{"name":"wp","href":"https:\/\/api.w.org\/{rel}","templated":true}]}}