{"id":671,"date":"2023-11-13T11:16:11","date_gmt":"2023-11-13T14:16:11","guid":{"rendered":"https:\/\/tereza.org.br\/?post_type=product&#038;p=671"},"modified":"2025-10-07T17:43:06","modified_gmt":"2025-10-07T20:43:06","slug":"embroidered-picture-of-black-women","status":"publish","type":"product","link":"https:\/\/tereza.org.br\/en\/product\/embroidered-picture-of-black-women\/","title":{"rendered":"Black Women Embroidered Picture"},"content":{"rendered":"","protected":false},"excerpt":{"rendered":"<p>Frame made in a bamboo frame with hand embroidery. Available in medium size. Metal screw detail.<\/p>\n<p>In celebration of Black Awareness Day, Tereza pays tribute to Tereza de Benguela, Maria Firmina dos Reis, Alcione, Lu\u00edsa Mahin, and Simone Andr\u00e9 Diniz, Black women who challenged structural racism. The collection is curated by Cleide Aparecida Vitorino and illustrated by Mitti Mendon\u00e7a. The embroidery was produced at the S\u00e3o Lu\u00eds Women&#039;s Prison in Maranh\u00e3o.<\/p>","protected":false},"featured_media":676,"comment_status":"open","ping_status":"closed","template":"","meta":[],"product_brand":[],"product_cat":[35],"product_tag":[54],"class_list":{"0":"post-671","1":"product","2":"type-product","3":"status-publish","4":"has-post-thumbnail","6":"product_cat-catalogo","7":"product_tag-colecao-mulheres-negras","8":"product_shipping_class-brasil","10":"first","11":"instock","12":"featured","13":"shipping-taxable","14":"purchasable","15":"product-type-simple"},"yoast_head":"<!-- This site is optimized with the Yoast SEO plugin v27.4 - https:\/\/yoast.com\/product\/yoast-seo-wordpress\/ -->\n<title>Quadro Bordado Mulheres Negras - Tereza<\/title>\n<meta name=\"description\" content=\"Quadro feito em bastidor de madeira de bambu com bordado manual. Dispon\u00edvel no tamanho m\u00e9dio. Detalhe em tarraxa de metal.\" \/>\n<meta name=\"robots\" content=\"index, follow, max-snippet:-1, max-image-preview:large, max-video-preview:-1\" \/>\n<link rel=\"canonical\" href=\"https:\/\/ec2-18-236-27-98.us-west-2.compute.amazonaws.com\/en\/product\/embroidered-picture-of-black-women\/\" \/>\n<meta property=\"og:locale\" content=\"en_US\" \/>\n<meta property=\"og:type\" content=\"article\" \/>\n<meta property=\"og:title\" content=\"Quadro Bordado Mulheres Negras - Tereza\" \/>\n<meta property=\"og:description\" content=\"Quadro feito em bastidor de madeira de bambu com bordado manual. Dispon\u00edvel no tamanho m\u00e9dio. Detalhe em tarraxa de metal.\" \/>\n<meta property=\"og:url\" content=\"https:\/\/ec2-18-236-27-98.us-west-2.compute.amazonaws.com\/en\/product\/embroidered-picture-of-black-women\/\" \/>\n<meta property=\"og:site_name\" content=\"Tereza\" \/>\n<meta property=\"article:publisher\" content=\"https:\/\/www.facebook.com\/terezavaleapena\/\" \/>\n<meta property=\"article:modified_time\" content=\"2025-10-07T20:43:06+00:00\" \/>\n<meta property=\"og:image\" content=\"https:\/\/ec2-18-236-27-98.us-west-2.compute.amazonaws.com\/wp-content\/uploads\/2023\/11\/DSC9892.jpg\" \/>\n\t<meta property=\"og:image:width\" content=\"800\" \/>\n\t<meta property=\"og:image:height\" content=\"534\" \/>\n\t<meta property=\"og:image:type\" content=\"image\/jpeg\" \/>\n<meta name=\"twitter:card\" content=\"summary_large_image\" \/>\n<meta name=\"twitter:label1\" content=\"Est. reading time\" \/>\n\t<meta name=\"twitter:data1\" content=\"1 minute\" \/>\n<script type=\"application\/ld+json\" class=\"yoast-schema-graph\">{\"@context\":\"https:\\\/\\\/schema.org\",\"@graph\":[{\"@type\":\"WebPage\",\"@id\":\"https:\\\/\\\/ec2-18-236-27-98.us-west-2.compute.amazonaws.com\\\/en\\\/product\\\/embroidered-picture-of-black-women\\\/\",\"url\":\"https:\\\/\\\/ec2-18-236-27-98.us-west-2.compute.amazonaws.com\\\/en\\\/product\\\/embroidered-picture-of-black-women\\\/\",\"name\":\"Quadro Bordado Mulheres Negras - Tereza\",\"isPartOf\":{\"@id\":\"https:\\\/\\\/tereza.org.br\\\/#website\"},\"primaryImageOfPage\":{\"@id\":\"https:\\\/\\\/ec2-18-236-27-98.us-west-2.compute.amazonaws.com\\\/en\\\/product\\\/embroidered-picture-of-black-women\\\/#primaryimage\"},\"image\":{\"@id\":\"https:\\\/\\\/ec2-18-236-27-98.us-west-2.compute.amazonaws.com\\\/en\\\/product\\\/embroidered-picture-of-black-women\\\/#primaryimage\"},\"thumbnailUrl\":\"https:\\\/\\\/tereza.org.br\\\/wp-content\\\/uploads\\\/2023\\\/11\\\/DSC9892.jpg\",\"datePublished\":\"2023-11-13T14:16:11+00:00\",\"dateModified\":\"2025-10-07T20:43:06+00:00\",\"description\":\"Quadro feito em bastidor de madeira de bambu com bordado manual. Dispon\u00edvel no tamanho m\u00e9dio. Detalhe em tarraxa de metal.\",\"breadcrumb\":{\"@id\":\"https:\\\/\\\/ec2-18-236-27-98.us-west-2.compute.amazonaws.com\\\/en\\\/product\\\/embroidered-picture-of-black-women\\\/#breadcrumb\"},\"inLanguage\":\"en-US\",\"potentialAction\":[{\"@type\":\"ReadAction\",\"target\":[\"https:\\\/\\\/ec2-18-236-27-98.us-west-2.compute.amazonaws.com\\\/en\\\/product\\\/embroidered-picture-of-black-women\\\/\"]}]},{\"@type\":\"ImageObject\",\"inLanguage\":\"en-US\",\"@id\":\"https:\\\/\\\/ec2-18-236-27-98.us-west-2.compute.amazonaws.com\\\/en\\\/product\\\/embroidered-picture-of-black-women\\\/#primaryimage\",\"url\":\"https:\\\/\\\/tereza.org.br\\\/wp-content\\\/uploads\\\/2023\\\/11\\\/DSC9892.jpg\",\"contentUrl\":\"https:\\\/\\\/tereza.org.br\\\/wp-content\\\/uploads\\\/2023\\\/11\\\/DSC9892.jpg\",\"width\":800,\"height\":534},{\"@type\":\"BreadcrumbList\",\"@id\":\"https:\\\/\\\/ec2-18-236-27-98.us-west-2.compute.amazonaws.com\\\/en\\\/product\\\/embroidered-picture-of-black-women\\\/#breadcrumb\",\"itemListElement\":[{\"@type\":\"ListItem\",\"position\":1,\"name\":\"In\u00edcio\",\"item\":\"https:\\\/\\\/tereza.org.br\\\/\"},{\"@type\":\"ListItem\",\"position\":2,\"name\":\"Loja\",\"item\":\"https:\\\/\\\/18.236.27.98\\\/loja\\\/\"},{\"@type\":\"ListItem\",\"position\":3,\"name\":\"Quadro Bordado Mulheres Negras\"}]},{\"@type\":\"WebSite\",\"@id\":\"https:\\\/\\\/tereza.org.br\\\/#website\",\"url\":\"https:\\\/\\\/tereza.org.br\\\/\",\"name\":\"Tereza\",\"description\":\"Vale a Pena\",\"publisher\":{\"@id\":\"https:\\\/\\\/tereza.org.br\\\/#organization\"},\"potentialAction\":[{\"@type\":\"SearchAction\",\"target\":{\"@type\":\"EntryPoint\",\"urlTemplate\":\"https:\\\/\\\/tereza.org.br\\\/?s={search_term_string}\"},\"query-input\":{\"@type\":\"PropertyValueSpecification\",\"valueRequired\":true,\"valueName\":\"search_term_string\"}}],\"inLanguage\":\"en-US\"},{\"@type\":\"Organization\",\"@id\":\"https:\\\/\\\/tereza.org.br\\\/#organization\",\"name\":\"Tereza\",\"url\":\"https:\\\/\\\/tereza.org.br\\\/\",\"logo\":{\"@type\":\"ImageObject\",\"inLanguage\":\"en-US\",\"@id\":\"https:\\\/\\\/tereza.org.br\\\/#\\\/schema\\\/logo\\\/image\\\/\",\"url\":\"http:\\\/\\\/tereza.org.br\\\/wp-content\\\/uploads\\\/2022\\\/06\\\/cropped-cropped-tereza-favicon.jpg\",\"contentUrl\":\"http:\\\/\\\/tereza.org.br\\\/wp-content\\\/uploads\\\/2022\\\/06\\\/cropped-cropped-tereza-favicon.jpg\",\"width\":512,\"height\":512,\"caption\":\"Tereza\"},\"image\":{\"@id\":\"https:\\\/\\\/tereza.org.br\\\/#\\\/schema\\\/logo\\\/image\\\/\"},\"sameAs\":[\"https:\\\/\\\/www.facebook.com\\\/terezavaleapena\\\/\"]}]}<\/script>\n<!-- \/ Yoast SEO plugin. -->","yoast_head_json":{"title":"Black Women Embroidery Frame - Tereza","description":"Frame made in a bamboo frame with hand embroidery. Available in medium size. Metal screw detail.","robots":{"index":"index","follow":"follow","max-snippet":"max-snippet:-1","max-image-preview":"max-image-preview:large","max-video-preview":"max-video-preview:-1"},"canonical":"https:\/\/ec2-18-236-27-98.us-west-2.compute.amazonaws.com\/en\/product\/embroidered-picture-of-black-women\/","og_locale":"en_US","og_type":"article","og_title":"Quadro Bordado Mulheres Negras - Tereza","og_description":"Quadro feito em bastidor de madeira de bambu com bordado manual. Dispon\u00edvel no tamanho m\u00e9dio. Detalhe em tarraxa de metal.","og_url":"https:\/\/ec2-18-236-27-98.us-west-2.compute.amazonaws.com\/en\/product\/embroidered-picture-of-black-women\/","og_site_name":"Tereza","article_publisher":"https:\/\/www.facebook.com\/terezavaleapena\/","article_modified_time":"2025-10-07T20:43:06+00:00","og_image":[{"width":800,"height":534,"url":"https:\/\/ec2-18-236-27-98.us-west-2.compute.amazonaws.com\/wp-content\/uploads\/2023\/11\/DSC9892.jpg","type":"image\/jpeg"}],"twitter_card":"summary_large_image","twitter_misc":{"Est. reading time":"1 minute"},"schema":{"@context":"https:\/\/schema.org","@graph":[{"@type":"WebPage","@id":"https:\/\/ec2-18-236-27-98.us-west-2.compute.amazonaws.com\/en\/product\/embroidered-picture-of-black-women\/","url":"https:\/\/ec2-18-236-27-98.us-west-2.compute.amazonaws.com\/en\/product\/embroidered-picture-of-black-women\/","name":"Black Women Embroidery Frame - Tereza","isPartOf":{"@id":"https:\/\/tereza.org.br\/#website"},"primaryImageOfPage":{"@id":"https:\/\/ec2-18-236-27-98.us-west-2.compute.amazonaws.com\/en\/product\/embroidered-picture-of-black-women\/#primaryimage"},"image":{"@id":"https:\/\/ec2-18-236-27-98.us-west-2.compute.amazonaws.com\/en\/product\/embroidered-picture-of-black-women\/#primaryimage"},"thumbnailUrl":"https:\/\/tereza.org.br\/wp-content\/uploads\/2023\/11\/DSC9892.jpg","datePublished":"2023-11-13T14:16:11+00:00","dateModified":"2025-10-07T20:43:06+00:00","description":"Frame made in a bamboo frame with hand embroidery. Available in medium size. Metal screw detail.","breadcrumb":{"@id":"https:\/\/ec2-18-236-27-98.us-west-2.compute.amazonaws.com\/en\/product\/embroidered-picture-of-black-women\/#breadcrumb"},"inLanguage":"en-US","potentialAction":[{"@type":"ReadAction","target":["https:\/\/ec2-18-236-27-98.us-west-2.compute.amazonaws.com\/en\/product\/embroidered-picture-of-black-women\/"]}]},{"@type":"ImageObject","inLanguage":"en-US","@id":"https:\/\/ec2-18-236-27-98.us-west-2.compute.amazonaws.com\/en\/product\/embroidered-picture-of-black-women\/#primaryimage","url":"https:\/\/tereza.org.br\/wp-content\/uploads\/2023\/11\/DSC9892.jpg","contentUrl":"https:\/\/tereza.org.br\/wp-content\/uploads\/2023\/11\/DSC9892.jpg","width":800,"height":534},{"@type":"BreadcrumbList","@id":"https:\/\/ec2-18-236-27-98.us-west-2.compute.amazonaws.com\/en\/product\/embroidered-picture-of-black-women\/#breadcrumb","itemListElement":[{"@type":"ListItem","position":1,"name":"In\u00edcio","item":"https:\/\/tereza.org.br\/"},{"@type":"ListItem","position":2,"name":"Loja","item":"https:\/\/18.236.27.98\/loja\/"},{"@type":"ListItem","position":3,"name":"Quadro Bordado Mulheres Negras"}]},{"@type":"WebSite","@id":"https:\/\/tereza.org.br\/#website","url":"https:\/\/tereza.org.br\/","name":"Teresa","description":"It is worth it","publisher":{"@id":"https:\/\/tereza.org.br\/#organization"},"potentialAction":[{"@type":"SearchAction","target":{"@type":"EntryPoint","urlTemplate":"https:\/\/tereza.org.br\/?s={search_term_string}"},"query-input":{"@type":"PropertyValueSpecification","valueRequired":true,"valueName":"search_term_string"}}],"inLanguage":"en-US"},{"@type":"Organization","@id":"https:\/\/tereza.org.br\/#organization","name":"Teresa","url":"https:\/\/tereza.org.br\/","logo":{"@type":"ImageObject","inLanguage":"en-US","@id":"https:\/\/tereza.org.br\/#\/schema\/logo\/image\/","url":"https:\/\/tereza.org.br\/wp-content\/uploads\/2022\/06\/cropped-cropped-tereza-favicon.jpg","contentUrl":"https:\/\/tereza.org.br\/wp-content\/uploads\/2022\/06\/cropped-cropped-tereza-favicon.jpg","width":512,"height":512,"caption":"Tereza"},"image":{"@id":"https:\/\/tereza.org.br\/#\/schema\/logo\/image\/"},"sameAs":["https:\/\/www.facebook.com\/terezavaleapena\/"]}]}},"_links":{"self":[{"href":"https:\/\/tereza.org.br\/en\/wp-json\/wp\/v2\/product\/671","targetHints":{"allow":["GET"]}}],"collection":[{"href":"https:\/\/tereza.org.br\/en\/wp-json\/wp\/v2\/product"}],"about":[{"href":"https:\/\/tereza.org.br\/en\/wp-json\/wp\/v2\/types\/product"}],"replies":[{"embeddable":true,"href":"https:\/\/tereza.org.br\/en\/wp-json\/wp\/v2\/comments?post=671"}],"wp:featuredmedia":[{"embeddable":true,"href":"https:\/\/tereza.org.br\/en\/wp-json\/wp\/v2\/media\/676"}],"wp:attachment":[{"href":"https:\/\/tereza.org.br\/en\/wp-json\/wp\/v2\/media?parent=671"}],"wp:term":[{"taxonomy":"product_brand","embeddable":true,"href":"https:\/\/tereza.org.br\/en\/wp-json\/wp\/v2\/product_brand?post=671"},{"taxonomy":"product_cat","embeddable":true,"href":"https:\/\/tereza.org.br\/en\/wp-json\/wp\/v2\/product_cat?post=671"},{"taxonomy":"product_tag","embeddable":true,"href":"https:\/\/tereza.org.br\/en\/wp-json\/wp\/v2\/product_tag?post=671"}],"curies":[{"name":"wp","href":"https:\/\/api.w.org\/{rel}","templated":true}]}}