{"id":29,"date":"2022-06-03T17:59:39","date_gmt":"2022-06-03T20:59:39","guid":{"rendered":"https:\/\/tereza.org.br\/\/?page_id=29"},"modified":"2025-06-13T10:35:16","modified_gmt":"2025-06-13T13:35:16","slug":"quien-es-teresa","status":"publish","type":"page","link":"https:\/\/tereza.org.br\/es\/quien-es-teresa\/","title":{"rendered":"\u00bfQui\u00e9n es Tereza?"},"content":{"rendered":"<div id=\"fws_69e060b1ead68\"  data-column-margin=\"default\" data-midnight=\"dark\"  class=\"wpb_row vc_row-fluid vc_row\"  style=\"padding-top: 0px; padding-bottom: 0px; \"><div class=\"row-bg-wrap\" data-bg-animation=\"none\" data-bg-animation-delay=\"\" data-bg-overlay=\"false\"><div class=\"inner-wrap row-bg-layer\" ><div class=\"row-bg viewport-desktop\"  style=\"\"><\/div><\/div><\/div><div class=\"row_col_wrap_12 col span_12 dark left\">\n\t<div  class=\"vc_col-sm-12 wpb_column column_container vc_column_container col centered-text no-extra-padding inherit_tablet inherit_phone\"  data-padding-pos=\"all\" data-has-bg-color=\"false\" data-bg-color=\"\" data-bg-opacity=\"1\" data-animation=\"\" data-delay=\"0\" >\n\t\t<div class=\"vc_column-inner\" >\n\t\t\t<div class=\"wpb_wrapper\">\n\t\t\t\t<blockquote class=\"nectar_single_testimonial\" tabindex=\"0\" data-color=\"accent-color\" data-style=\"bold\"><div class=\"inner\"data-custom-color=\"true\" style=\"color: #000000;\"> <p><span class=\"open-quote\">\u201d&quot;\u201d<\/span>&quot;Tereza&quot; es el nombre que los presos dan a las cuerdas improvisadas hechas con s\u00e1banas atadas, utilizadas en intentos de fuga. Hoy en d\u00eda, se ha convertido en sin\u00f3nimo de productos de calidad. Tereza sigue representando la libertad, no temporal, sino permanente, ofreciendo a las personas vulnerables una alternativa a la delincuencia a trav\u00e9s del trabajo en red. <\/p><\/div><\/blockquote><div class=\"divider-wrap\" data-alignment=\"default\"><div style=\"margin-top: 30px; height: 4px; margin-bottom: 30px;\" data-width=\"100%\" data-animate=\"yes\" data-animation-delay=\"300\" data-color=\"accent-color\" class=\"divider-border\"><\/div><\/div>\n<div class=\"wpb_text_column wpb_content_element\" >\n\t<p>Tereza naci\u00f3 como una marca creada para comercializar productos de cooperativas de reclusos establecidas en penitenciar\u00edas brasile\u00f1as por el Instituto Humanitas360. Con la evoluci\u00f3n de este ecosistema, Tereza cobr\u00f3 vida propia. Hoy, somos una empresa social sin fines de lucro: parte de nuestra producci\u00f3n proviene de estas cooperativas, as\u00ed como de exreclusas que trabajan como trabajadoras independientes en diversas partes del pa\u00eds, adem\u00e1s de las exreclusas que colaboran en nuestro taller y tienda en el barrio de Pinheiros, S\u00e3o Paulo.<\/p>\n<\/div>\n\n\n\n\n\t\t\t<\/div> \n\t\t<\/div>\n\t<\/div> \n<\/div><\/div>\n\t\t<div id=\"fws_69e060b1ec93a\"  data-column-margin=\"default\" data-midnight=\"dark\"  class=\"wpb_row vc_row-fluid vc_row\"  style=\"padding-top: 0px; padding-bottom: 0px; \"><div class=\"row-bg-wrap\" data-bg-animation=\"none\" data-bg-animation-delay=\"\" data-bg-overlay=\"false\"><div class=\"inner-wrap row-bg-layer\" ><div class=\"row-bg viewport-desktop\"  style=\"\"><\/div><\/div><\/div><div class=\"row_col_wrap_12 col span_12 dark left\">\n\t<div  class=\"vc_col-sm-6 wpb_column column_container vc_column_container col no-extra-padding inherit_tablet inherit_phone\"  data-padding-pos=\"all\" data-has-bg-color=\"false\" data-bg-color=\"\" data-bg-opacity=\"1\" data-animation=\"\" data-delay=\"0\" >\n\t\t<div class=\"vc_column-inner\" >\n\t\t\t<div class=\"wpb_wrapper\">\n\t\t\t\t\n\t<div class=\"wpb_video_widget wpb_content_element vc_clearfix   vc_video-aspect-ratio-169 vc_video-el-width-100 vc_video-align-left\" >\n\t\t<div class=\"wpb_wrapper\">\n\t\t\t\n\t\t\t<div class=\"wpb_video_wrapper\"><iframe title=\"Proyectos #H360: Primer Taller Cooperativo para Reclusos en Trememb\u00e9\" width=\"500\" height=\"281\" src=\"https:\/\/www.youtube.com\/embed\/GBd6VsMuuzE?feature=oembed\" frameborder=\"0\" allow=\"accelerometer; autoplay; clipboard-write; encrypted-media; gyroscope; picture-in-picture; web-share\" referrerpolicy=\"strict-origin-when-cross-origin\" allowfullscreen><\/iframe><\/div>\n\t\t<\/div>\n\t<\/div>\n\n\t\t\t<\/div> \n\t\t<\/div>\n\t<\/div> \n\n\t<div  class=\"vc_col-sm-6 wpb_column column_container vc_column_container col no-extra-padding inherit_tablet inherit_phone\"  data-padding-pos=\"all\" data-has-bg-color=\"false\" data-bg-color=\"\" data-bg-opacity=\"1\" data-animation=\"\" data-delay=\"0\" >\n\t\t<div class=\"vc_column-inner\" >\n\t\t\t<div class=\"wpb_wrapper\">\n\t\t\t\t\n<div class=\"wpb_text_column wpb_content_element\" >\n\t<h3>C\u00f3mo empez\u00f3 todo\u2026<\/h3>\n<p>Nuestra primera l\u00ednea de productos fue desarrollada por reclusas de la Penitenciar\u00eda Femenina 2 de Trememb\u00e9, en el interior del estado de S\u00e3o Paulo, quienes participaron en la Cooperativa Social Lili, la primera incubada por el Instituto Humanitas 360. El trabajo de cocreaci\u00f3n fue coordinado por los dise\u00f1adores Renato Imbroisi y Cristiana Pereira Barretto, con la facilitaci\u00f3n del equipo de H360. La mayor\u00eda de las reclusas no ten\u00eda conocimientos previos de corte, costura, crochet ni bordado. Renato y Cristiana impartieron talleres de capacitaci\u00f3n t\u00e9cnica de cuatro semanas de duraci\u00f3n para las cooperativistas, con el apoyo de las artesanas Sonia Maria Leal Bento y Terezinha Mendes dos Santo, y la colaboraci\u00f3n voluntaria de las dise\u00f1adoras Camila Testa Stifelmann, Gisela Allegro Baptista Bilyk, la restauradora Isabel Milani y el artista visual Paulo Von Poser.<\/p>\n<\/div>\n\n\n\n\n\t\t\t<\/div> \n\t\t<\/div>\n\t<\/div> \n\n\t<div  class=\"vc_col-sm-12 wpb_column column_container vc_column_container col no-extra-padding inherit_tablet inherit_phone\"  data-padding-pos=\"all\" data-has-bg-color=\"false\" data-bg-color=\"\" data-bg-opacity=\"1\" data-animation=\"\" data-delay=\"0\" >\n\t\t<div class=\"vc_column-inner\" >\n\t\t\t<div class=\"wpb_wrapper\">\n\t\t\t\t\n\t\t\t<\/div> \n\t\t<\/div>\n\t<\/div> \n<\/div><\/div>\n\t\t<div id=\"fws_69e060b1ed5b3\"  data-column-margin=\"default\" data-midnight=\"dark\"  class=\"wpb_row vc_row-fluid vc_row\"  style=\"padding-top: 0px; padding-bottom: 0px; \"><div class=\"row-bg-wrap\" data-bg-animation=\"none\" data-bg-animation-delay=\"\" data-bg-overlay=\"false\"><div class=\"inner-wrap row-bg-layer\" ><div class=\"row-bg viewport-desktop\"  style=\"\"><\/div><\/div><\/div><div class=\"row_col_wrap_12 col span_12 dark left\">\n\t<div  class=\"vc_col-sm-6 wpb_column column_container vc_column_container col no-extra-padding inherit_tablet inherit_phone\"  data-padding-pos=\"all\" data-has-bg-color=\"false\" data-bg-color=\"\" data-bg-opacity=\"1\" data-animation=\"\" data-delay=\"0\" >\n\t\t<div class=\"vc_column-inner\" >\n\t\t\t<div class=\"wpb_wrapper\">\n\t\t\t\t\n\t<div class=\"wpb_video_widget wpb_content_element vc_clearfix   vc_video-aspect-ratio-169 vc_video-el-width-100 vc_video-align-left\" >\n\t\t<div class=\"wpb_wrapper\">\n\t\t\t\n\t\t\t<div class=\"wpb_video_wrapper\"><iframe title=\"Voluntarios de la Cooperativa de Reclusos de Trememb\u00e9: Paulo Von Poser\" width=\"500\" height=\"281\" src=\"https:\/\/www.youtube.com\/embed\/bdp7OrFXruY?feature=oembed\" frameborder=\"0\" allow=\"accelerometer; autoplay; clipboard-write; encrypted-media; gyroscope; picture-in-picture; web-share\" referrerpolicy=\"strict-origin-when-cross-origin\" allowfullscreen><\/iframe><\/div>\n\t\t<\/div>\n\t<\/div>\n\n\t\t\t<\/div> \n\t\t<\/div>\n\t<\/div> \n\n\t<div  class=\"vc_col-sm-6 wpb_column column_container vc_column_container col no-extra-padding inherit_tablet inherit_phone\"  data-padding-pos=\"all\" data-has-bg-color=\"false\" data-bg-color=\"\" data-bg-opacity=\"1\" data-animation=\"\" data-delay=\"0\" >\n\t\t<div class=\"vc_column-inner\" >\n\t\t\t<div class=\"wpb_wrapper\">\n\t\t\t\t\n<div class=\"wpb_text_column wpb_content_element\" >\n\t<p>Este proceso de cocreaci\u00f3n y capacitaci\u00f3n t\u00e9cnica dur\u00f3 cuatro meses. Durante este per\u00edodo, y durante m\u00e1s de un a\u00f1o y medio despu\u00e9s, el equipo del Instituto Humanitas360 visit\u00f3 semanalmente la unidad penitenciaria para desarrollar el trabajo de incubaci\u00f3n de la cooperativa, apoyando a los participantes en la gesti\u00f3n, la compra y el control de insumos, el inventario, el control de calidad, la administraci\u00f3n financiera y la distribuci\u00f3n de ingresos. El financiamiento para el desarrollo del proyecto fue proporcionado por H360 y reconocidas instituciones internacionales de derechos humanos.<\/p>\n<\/div>\n\n\n\n\n\t\t\t<\/div> \n\t\t<\/div>\n\t<\/div> \n<\/div><\/div>\n\t\t<div id=\"fws_69e060b1eddcc\"  data-column-margin=\"default\" data-midnight=\"dark\"  class=\"wpb_row vc_row-fluid vc_row\"  style=\"padding-top: 0px; padding-bottom: 0px; \"><div class=\"row-bg-wrap\" data-bg-animation=\"none\" data-bg-animation-delay=\"\" data-bg-overlay=\"false\"><div class=\"inner-wrap row-bg-layer\" ><div class=\"row-bg viewport-desktop\"  style=\"\"><\/div><\/div><\/div><div class=\"row_col_wrap_12 col span_12 dark left\">\n\t<div  class=\"vc_col-sm-12 wpb_column column_container vc_column_container col no-extra-padding inherit_tablet inherit_phone\"  data-padding-pos=\"all\" data-has-bg-color=\"false\" data-bg-color=\"\" data-bg-opacity=\"1\" data-animation=\"\" data-delay=\"0\" >\n\t\t<div class=\"vc_column-inner\" >\n\t\t\t<div class=\"wpb_wrapper\">\n\t\t\t\t\n\t\t\t<\/div> \n\t\t<\/div>\n\t<\/div> \n<\/div><\/div>\n\t\t<div id=\"fws_69e060b1edffd\"  data-column-margin=\"default\" data-midnight=\"dark\"  class=\"wpb_row vc_row-fluid vc_row\"  style=\"padding-top: 0px; padding-bottom: 0px; \"><div class=\"row-bg-wrap\" data-bg-animation=\"none\" data-bg-animation-delay=\"\" data-bg-overlay=\"false\"><div class=\"inner-wrap row-bg-layer\" ><div class=\"row-bg viewport-desktop\"  style=\"\"><\/div><\/div><\/div><div class=\"row_col_wrap_12 col span_12 dark left\">\n\t<div  class=\"vc_col-sm-6 wpb_column column_container vc_column_container col no-extra-padding inherit_tablet inherit_phone\"  data-padding-pos=\"all\" data-has-bg-color=\"false\" data-bg-color=\"\" data-bg-opacity=\"1\" data-animation=\"\" data-delay=\"0\" >\n\t\t<div class=\"vc_column-inner\" >\n\t\t\t<div class=\"wpb_wrapper\">\n\t\t\t\t\n\t<div class=\"wpb_video_widget wpb_content_element vc_clearfix   vc_video-aspect-ratio-169 vc_video-el-width-100 vc_video-align-left\" >\n\t\t<div class=\"wpb_wrapper\">\n\t\t\t\n\t\t\t<div class=\"wpb_video_wrapper\"><iframe title=\"VEN A CONOCER A TEREZA\" width=\"500\" height=\"281\" src=\"https:\/\/www.youtube.com\/embed\/kUjuiwA_4G8?feature=oembed\" frameborder=\"0\" allow=\"accelerometer; autoplay; clipboard-write; encrypted-media; gyroscope; picture-in-picture; web-share\" referrerpolicy=\"strict-origin-when-cross-origin\" allowfullscreen><\/iframe><\/div>\n\t\t<\/div>\n\t<\/div>\n\n\t\t\t<\/div> \n\t\t<\/div>\n\t<\/div> \n\n\t<div  class=\"vc_col-sm-6 wpb_column column_container vc_column_container col no-extra-padding inherit_tablet inherit_phone\"  data-padding-pos=\"all\" data-has-bg-color=\"false\" data-bg-color=\"\" data-bg-opacity=\"1\" data-animation=\"\" data-delay=\"0\" >\n\t\t<div class=\"vc_column-inner\" >\n\t\t\t<div class=\"wpb_wrapper\">\n\t\t\t\t\n<div class=\"wpb_text_column wpb_content_element\" >\n\t<h3>\u2026y c\u00f3mo la marca Tereza creci\u00f3, madur\u00f3 y se transform\u00f3 en una empresa social.<\/h3>\n<p>El crecimiento del ecosistema cooperativo social del Instituto Humanitas360 demostr\u00f3 la necesidad de escindir esta marca, creada dentro de H360, para convertirla en una empresa independiente. Gracias a esto, las socias ahora pueden recibir una compensaci\u00f3n al entregar los productos pedidos por nuestra empresa. Y como empresa social, Tereza es una organizaci\u00f3n sin fines de lucro; los fondos excedentes se reinvierten en el proyecto.<\/p>\n<\/div>\n\n\n\n\n\t\t\t<\/div> \n\t\t<\/div>\n\t<\/div> \n\n\t<div  class=\"vc_col-sm-12 wpb_column column_container vc_column_container col no-extra-padding inherit_tablet inherit_phone\"  data-padding-pos=\"all\" data-has-bg-color=\"false\" data-bg-color=\"\" data-bg-opacity=\"1\" data-animation=\"\" data-delay=\"0\" >\n\t\t<div class=\"vc_column-inner\" >\n\t\t\t<div class=\"wpb_wrapper\">\n\t\t\t\t\n\t\t\t<\/div> \n\t\t<\/div>\n\t<\/div> \n<\/div><\/div>","protected":false},"excerpt":{"rendered":"\u201dTereza\u201c es el nombre que los presos daban a las cuerdas improvisadas, hechas con s\u00e1banas atadas entre s\u00ed, que usaban en los intentos de fuga. Hoy en d\u00eda, se ha convertido en sin\u00f3nimo de productos de calidad. Tereza...","protected":false},"author":1,"featured_media":0,"parent":0,"menu_order":0,"comment_status":"closed","ping_status":"closed","template":"","meta":{"footnotes":""},"class_list":["post-29","page","type-page","status-publish"],"yoast_head":"<!-- This site is optimized with the Yoast SEO plugin v27.4 - https:\/\/yoast.com\/product\/yoast-seo-wordpress\/ -->\n<title>Quem \u00e9 Tereza? - Tereza<\/title>\n<meta name=\"robots\" content=\"index, follow, max-snippet:-1, max-image-preview:large, max-video-preview:-1\" \/>\n<link rel=\"canonical\" href=\"https:\/\/ec2-18-236-27-98.us-west-2.compute.amazonaws.com\/es\/quien-es-teresa\/\" \/>\n<meta property=\"og:locale\" content=\"es_ES\" \/>\n<meta property=\"og:type\" content=\"article\" \/>\n<meta property=\"og:title\" content=\"Quem \u00e9 Tereza? - Tereza\" \/>\n<meta property=\"og:url\" content=\"https:\/\/ec2-18-236-27-98.us-west-2.compute.amazonaws.com\/es\/quien-es-teresa\/\" \/>\n<meta property=\"og:site_name\" content=\"Tereza\" \/>\n<meta property=\"article:publisher\" content=\"https:\/\/www.facebook.com\/terezavaleapena\/\" \/>\n<meta property=\"article:modified_time\" content=\"2025-06-13T13:35:16+00:00\" \/>\n<meta name=\"twitter:card\" content=\"summary_large_image\" \/>\n<meta name=\"twitter:label1\" content=\"Tiempo de lectura\" \/>\n\t<meta name=\"twitter:data1\" content=\"3 minutos\" \/>\n<script type=\"application\/ld+json\" class=\"yoast-schema-graph\">{\"@context\":\"https:\\\/\\\/schema.org\",\"@graph\":[{\"@type\":\"WebPage\",\"@id\":\"https:\\\/\\\/ec2-18-236-27-98.us-west-2.compute.amazonaws.com\\\/es\\\/quien-es-teresa\\\/\",\"url\":\"https:\\\/\\\/ec2-18-236-27-98.us-west-2.compute.amazonaws.com\\\/es\\\/quien-es-teresa\\\/\",\"name\":\"Quem \u00e9 Tereza? - Tereza\",\"isPartOf\":{\"@id\":\"https:\\\/\\\/tereza.org.br\\\/#website\"},\"datePublished\":\"2022-06-03T20:59:39+00:00\",\"dateModified\":\"2025-06-13T13:35:16+00:00\",\"breadcrumb\":{\"@id\":\"https:\\\/\\\/ec2-18-236-27-98.us-west-2.compute.amazonaws.com\\\/es\\\/quien-es-teresa\\\/#breadcrumb\"},\"inLanguage\":\"es\",\"potentialAction\":[{\"@type\":\"ReadAction\",\"target\":[\"https:\\\/\\\/ec2-18-236-27-98.us-west-2.compute.amazonaws.com\\\/es\\\/quien-es-teresa\\\/\"]}]},{\"@type\":\"BreadcrumbList\",\"@id\":\"https:\\\/\\\/ec2-18-236-27-98.us-west-2.compute.amazonaws.com\\\/es\\\/quien-es-teresa\\\/#breadcrumb\",\"itemListElement\":[{\"@type\":\"ListItem\",\"position\":1,\"name\":\"In\u00edcio\",\"item\":\"https:\\\/\\\/tereza.org.br\\\/\"},{\"@type\":\"ListItem\",\"position\":2,\"name\":\"Quem \u00e9 Tereza?\"}]},{\"@type\":\"WebSite\",\"@id\":\"https:\\\/\\\/tereza.org.br\\\/#website\",\"url\":\"https:\\\/\\\/tereza.org.br\\\/\",\"name\":\"Tereza\",\"description\":\"Vale a Pena\",\"publisher\":{\"@id\":\"https:\\\/\\\/tereza.org.br\\\/#organization\"},\"potentialAction\":[{\"@type\":\"SearchAction\",\"target\":{\"@type\":\"EntryPoint\",\"urlTemplate\":\"https:\\\/\\\/tereza.org.br\\\/?s={search_term_string}\"},\"query-input\":{\"@type\":\"PropertyValueSpecification\",\"valueRequired\":true,\"valueName\":\"search_term_string\"}}],\"inLanguage\":\"es\"},{\"@type\":\"Organization\",\"@id\":\"https:\\\/\\\/tereza.org.br\\\/#organization\",\"name\":\"Tereza\",\"url\":\"https:\\\/\\\/tereza.org.br\\\/\",\"logo\":{\"@type\":\"ImageObject\",\"inLanguage\":\"es\",\"@id\":\"https:\\\/\\\/tereza.org.br\\\/#\\\/schema\\\/logo\\\/image\\\/\",\"url\":\"http:\\\/\\\/tereza.org.br\\\/wp-content\\\/uploads\\\/2022\\\/06\\\/cropped-cropped-tereza-favicon.jpg\",\"contentUrl\":\"http:\\\/\\\/tereza.org.br\\\/wp-content\\\/uploads\\\/2022\\\/06\\\/cropped-cropped-tereza-favicon.jpg\",\"width\":512,\"height\":512,\"caption\":\"Tereza\"},\"image\":{\"@id\":\"https:\\\/\\\/tereza.org.br\\\/#\\\/schema\\\/logo\\\/image\\\/\"},\"sameAs\":[\"https:\\\/\\\/www.facebook.com\\\/terezavaleapena\\\/\"]}]}<\/script>\n<!-- \/ Yoast SEO plugin. -->","yoast_head_json":{"title":"\u00bfQui\u00e9n es Tereza? - Tereza","robots":{"index":"index","follow":"follow","max-snippet":"max-snippet:-1","max-image-preview":"max-image-preview:large","max-video-preview":"max-video-preview:-1"},"canonical":"https:\/\/ec2-18-236-27-98.us-west-2.compute.amazonaws.com\/es\/quien-es-teresa\/","og_locale":"es_ES","og_type":"article","og_title":"Quem \u00e9 Tereza? - Tereza","og_url":"https:\/\/ec2-18-236-27-98.us-west-2.compute.amazonaws.com\/es\/quien-es-teresa\/","og_site_name":"Tereza","article_publisher":"https:\/\/www.facebook.com\/terezavaleapena\/","article_modified_time":"2025-06-13T13:35:16+00:00","twitter_card":"summary_large_image","twitter_misc":{"Tiempo de lectura":"3 minutos"},"schema":{"@context":"https:\/\/schema.org","@graph":[{"@type":"WebPage","@id":"https:\/\/ec2-18-236-27-98.us-west-2.compute.amazonaws.com\/es\/quien-es-teresa\/","url":"https:\/\/ec2-18-236-27-98.us-west-2.compute.amazonaws.com\/es\/quien-es-teresa\/","name":"\u00bfQui\u00e9n es Tereza? - Tereza","isPartOf":{"@id":"https:\/\/tereza.org.br\/#website"},"datePublished":"2022-06-03T20:59:39+00:00","dateModified":"2025-06-13T13:35:16+00:00","breadcrumb":{"@id":"https:\/\/ec2-18-236-27-98.us-west-2.compute.amazonaws.com\/es\/quien-es-teresa\/#breadcrumb"},"inLanguage":"es","potentialAction":[{"@type":"ReadAction","target":["https:\/\/ec2-18-236-27-98.us-west-2.compute.amazonaws.com\/es\/quien-es-teresa\/"]}]},{"@type":"BreadcrumbList","@id":"https:\/\/ec2-18-236-27-98.us-west-2.compute.amazonaws.com\/es\/quien-es-teresa\/#breadcrumb","itemListElement":[{"@type":"ListItem","position":1,"name":"In\u00edcio","item":"https:\/\/tereza.org.br\/"},{"@type":"ListItem","position":2,"name":"Quem \u00e9 Tereza?"}]},{"@type":"WebSite","@id":"https:\/\/tereza.org.br\/#website","url":"https:\/\/tereza.org.br\/","name":"Teresa","description":"Vale la pena","publisher":{"@id":"https:\/\/tereza.org.br\/#organization"},"potentialAction":[{"@type":"SearchAction","target":{"@type":"EntryPoint","urlTemplate":"https:\/\/tereza.org.br\/?s={search_term_string}"},"query-input":{"@type":"PropertyValueSpecification","valueRequired":true,"valueName":"search_term_string"}}],"inLanguage":"es"},{"@type":"Organization","@id":"https:\/\/tereza.org.br\/#organization","name":"Teresa","url":"https:\/\/tereza.org.br\/","logo":{"@type":"ImageObject","inLanguage":"es","@id":"https:\/\/tereza.org.br\/#\/schema\/logo\/image\/","url":"https:\/\/tereza.org.br\/wp-content\/uploads\/2022\/06\/cropped-cropped-tereza-favicon.jpg","contentUrl":"https:\/\/tereza.org.br\/wp-content\/uploads\/2022\/06\/cropped-cropped-tereza-favicon.jpg","width":512,"height":512,"caption":"Tereza"},"image":{"@id":"https:\/\/tereza.org.br\/#\/schema\/logo\/image\/"},"sameAs":["https:\/\/www.facebook.com\/terezavaleapena\/"]}]}},"_links":{"self":[{"href":"https:\/\/tereza.org.br\/es\/wp-json\/wp\/v2\/pages\/29","targetHints":{"allow":["GET"]}}],"collection":[{"href":"https:\/\/tereza.org.br\/es\/wp-json\/wp\/v2\/pages"}],"about":[{"href":"https:\/\/tereza.org.br\/es\/wp-json\/wp\/v2\/types\/page"}],"author":[{"embeddable":true,"href":"https:\/\/tereza.org.br\/es\/wp-json\/wp\/v2\/users\/1"}],"replies":[{"embeddable":true,"href":"https:\/\/tereza.org.br\/es\/wp-json\/wp\/v2\/comments?post=29"}],"version-history":[{"count":0,"href":"https:\/\/tereza.org.br\/es\/wp-json\/wp\/v2\/pages\/29\/revisions"}],"wp:attachment":[{"href":"https:\/\/tereza.org.br\/es\/wp-json\/wp\/v2\/media?parent=29"}],"curies":[{"name":"wp","href":"https:\/\/api.w.org\/{rel}","templated":true}]}}