{"id":698,"date":"2023-12-19T14:35:44","date_gmt":"2023-12-19T17:35:44","guid":{"rendered":"https:\/\/tereza.org.br\/?page_id=698"},"modified":"2025-06-13T10:38:07","modified_gmt":"2025-06-13T13:38:07","slug":"historias","status":"publish","type":"page","link":"https:\/\/tereza.org.br\/es\/historias\/","title":{"rendered":"Historias"},"content":{"rendered":"<div id=\"fws_69e060b240433\"  data-column-margin=\"default\" data-midnight=\"dark\" data-top-percent=\"6%\" data-bottom-percent=\"6%\"  class=\"wpb_row vc_row-fluid vc_row full-width-section has-row-bg-color  right_padding_4pct left_padding_4pct\"  style=\"padding-top: calc(100vw * 0.06); padding-bottom: calc(100vw * 0.06); --row-bg-color: #f6f6f6;\"><div class=\"row-bg-wrap\" data-bg-animation=\"none\" data-bg-animation-delay=\"\" data-bg-overlay=\"false\"><div class=\"inner-wrap row-bg-layer\" ><div class=\"row-bg viewport-desktop using-bg-color\"  style=\"background-color: #f6f6f6; \"><\/div><\/div><\/div><div class=\"row_col_wrap_12 col span_12 dark left\">\n\t<div  class=\"vc_col-sm-12 wpb_column column_container vc_column_container col no-extra-padding inherit_tablet inherit_phone\"  data-padding-pos=\"all\" data-has-bg-color=\"false\" data-bg-color=\"\" data-bg-opacity=\"1\" data-animation=\"\" data-delay=\"0\" >\n\t\t<div class=\"vc_column-inner\" >\n\t\t\t<div class=\"wpb_wrapper\">\n\t\t\t\t<div class=\"divider-wrap\" data-alignment=\"default\"><div style=\"height: 30px;\" class=\"divider\"><\/div><\/div><div id=\"fws_69e060b240aa2\" data-midnight=\"\" data-column-margin=\"80px\" class=\"wpb_row vc_row-fluid vc_row inner_row\"  style=\"\"><div class=\"row-bg-wrap\"> <div class=\"row-bg\" ><\/div> <\/div><div class=\"row_col_wrap_12_inner col span_12  left\">\n\t<div  class=\"vc_col-sm-4 wpb_column column_container vc_column_container col child_column has-animation padding-4-percent inherit_tablet inherit_phone\"   data-padding-pos=\"top-bottom\" data-has-bg-color=\"false\" data-bg-color=\"\" data-bg-opacity=\"1\" data-animation=\"fade-in-from-bottom\" data-delay=\"50\" >\n\t\t<div class=\"vc_column-inner\" >\n\t\t<div class=\"wpb_wrapper\">\n\t\t\t<div class=\"team-member\" role=\"button\" tabindex=\"0\" data-style=\"bio_fullscreen_alt\"><div class=\"team-member-image\"><div class=\"team-member-image-inner\"><img decoding=\"async\" src=\"https:\/\/tereza.org.br\/wp-content\/uploads\/2024\/01\/amanda.jpg\" width=\"500\" height=\"500\" alt=\"\" \/><\/div><\/div><div class=\"team-member-overlay\"><\/div>\n    <div class=\"team-meta\"><h5><\/h5><h3>Amanda dos Santos Souza<\/h3><p>Ahora que estoy libre, estoy muy agradecida de tener la oportunidad de seguir trabajando con la marca Tereza.<\/p><div class=\"nectar-cta\" data-color=\"default\" data-using-bg=\"false\" data-style=\"arrow-animation\" data-display=\"block\" data-alignment=\"left\"><span class=\"link_wrap\"><a class=\"link_text\" href=\"#\"><svg class=\"next-arrow\" width=\"20px\" height=\"25px\" viewbox=\"0 0 50 80\" xml:space=\"preserve\">\n        <polyline stroke=\"#000000\" stroke-width=\"9\" fill=\"none\" stroke-linecap=\"round\" stroke-linejoin=\"round\" points=\"0, 0 45, 40 0, 80\"><\/polyline>\n        <\/svg><span class=\"line\" style=\"background-color: #000;\"><\/span> <\/a><\/span><\/div><\/div>\n    <div class=\"nectar_team_bio_img\" data-img-src=\"https:\/\/tereza.org.br\/wp-content\/uploads\/2024\/01\/amanda.jpg\"><\/div>\n    <div class=\"nectar_team_bio\">Estuve privada de libertad durante 11 a\u00f1os y 7 meses. Mi madre, una mujer trabajadora que siempre estuvo presente en mi vida, me apoy\u00f3 durante todo este tiempo. Mi padre desapareci\u00f3 cuando ten\u00eda 13 a\u00f1os y nunca m\u00e1s supimos de \u00e9l.<\/p>\n<p>Complet\u00e9 mi primer a\u00f1o de secundaria e incluso trabaj\u00e9 como becario en el Ayuntamiento de S\u00e3o Bernardo do Campo, pero termin\u00e9 descarriado y me arrestaron. Durante mi tiempo en prisi\u00f3n, escuch\u00e9 muchas historias tristes de compa\u00f1eros de prisi\u00f3n que se cortaban y se suicidaban. Fueron a\u00f1os de sufrimiento y mucho aprendizaje.<\/p>\n<p>Conoc\u00ed la cooperativa creada dentro de la prisi\u00f3n por Humanitas360 a trav\u00e9s de Fl\u00e1via Maria. Gracias a ella, empec\u00e9 a crecer, a esforzarme por ser alguien en la vida y a demostrarle a la sociedad que, sin importar d\u00f3nde terminemos, hay alguien ah\u00ed afuera con los brazos abiertos para darnos la fuerza para seguir adelante. Ahora libre, estoy muy agradecida por la oportunidad de seguir trabajando con la marca Tereza.<div class=\"bottom_meta\"><\/div><\/div>\n    <\/div>\n\t\t<\/div> \n\t<\/div>\n\t<\/div> \n\n\t<div  class=\"vc_col-sm-4 wpb_column column_container vc_column_container col child_column has-animation no-extra-padding inherit_tablet inherit_phone\"   data-padding-pos=\"all\" data-has-bg-color=\"false\" data-bg-color=\"\" data-bg-opacity=\"1\" data-animation=\"fade-in-from-bottom\" data-delay=\"0\" >\n\t\t<div class=\"vc_column-inner\" >\n\t\t<div class=\"wpb_wrapper\">\n\t\t\t<div class=\"team-member\" role=\"button\" tabindex=\"0\" data-style=\"bio_fullscreen_alt\"><div class=\"team-member-image\"><div class=\"team-member-image-inner\"><img decoding=\"async\" src=\"https:\/\/tereza.org.br\/wp-content\/uploads\/2024\/01\/flavia.jpg\" width=\"500\" height=\"500\" alt=\"\" \/><\/div><\/div><div class=\"team-member-overlay\"><\/div>\n    <div class=\"team-meta\"><h5><\/h5><h3>Flavia Mar\u00eda da Silva<\/h3><p>Estudio Derecho en UNICID con una beca 50% gracias a mi buena puntuaci\u00f3n en el ENEM. Soy una mujer guerrera que, gracias a la marca Tereza, ha sabido sacarle el m\u00e1ximo provecho a las adversidades.<\/p><div class=\"nectar-cta\" data-color=\"default\" data-using-bg=\"false\" data-style=\"arrow-animation\" data-display=\"block\" data-alignment=\"left\"><span class=\"link_wrap\"><a class=\"link_text\" href=\"#\"><svg class=\"next-arrow\" width=\"20px\" height=\"25px\" viewbox=\"0 0 50 80\" xml:space=\"preserve\">\n        <polyline stroke=\"#000000\" stroke-width=\"9\" fill=\"none\" stroke-linecap=\"round\" stroke-linejoin=\"round\" points=\"0, 0 45, 40 0, 80\"><\/polyline>\n        <\/svg><span class=\"line\" style=\"background-color: #000;\"><\/span> <\/a><\/span><\/div><\/div>\n    <div class=\"nectar_team_bio_img\" data-img-src=\"https:\/\/tereza.org.br\/wp-content\/uploads\/2024\/01\/flavia.jpg\"><\/div>\n    <div class=\"nectar_team_bio\">Estuve presa m\u00e1s de 10 a\u00f1os por narcotr\u00e1fico. Soy hija de Jos\u00e9, asistente general, y Mar\u00eda, ama de casa. De joven, no me gustaban las fiestas; estudiaba mucho e incluso tom\u00e9 un curso de mecanograf\u00eda.<\/p>\n<p>A los 15 a\u00f1os conoc\u00ed al \u00fanico amor de mi vida, me embarac\u00e9 y a los 16 me convert\u00ed en madre. Un a\u00f1o despu\u00e9s, enviud\u00e9, con un beb\u00e9 que criar y una &quot;herencia criminal&quot;, y empec\u00e9 a administrar el &quot;negocio&quot; de mi gran amor. En los a\u00f1os siguientes, sufr\u00ed e hice sufrir a mi familia. Una historia de amor con una herencia maldita. Pero madur\u00e9 mucho en prisi\u00f3n y me transform\u00e9.<\/p>\n<p>La oportunidad de unirme a la cooperativa creada por Humanitas360 en la Penitenciar\u00eda de Mujeres de Trememb\u00e9 II lleg\u00f3 cuando todos me hab\u00edan olvidado. El proyecto cambi\u00f3 mi forma de pensar. Ahora, libre, me estoy reintegrando a la sociedad, lejos de la delincuencia. Estudio Derecho en UNICID con una beca 50% gracias a mi buena nota en el ENEM (Examen Nacional de Bachillerato). Soy una mujer guerrera que, gracias a la marca Tereza, ha sabido sacar lo mejor de lo peor.<div class=\"bottom_meta\"><\/div><\/div>\n    <\/div>\n\t\t<\/div> \n\t<\/div>\n\t<\/div> \n<\/div><\/div>\n\t\t\t<\/div> \n\t\t<\/div>\n\t<\/div> \n<\/div><\/div>","protected":false},"excerpt":{"rendered":"Amanda dos Santos Souza: Ahora que soy libre, estoy muy agradecida de tener la oportunidad de seguir trabajando con la marca Tereza. Estuve privada de mi libertad durante 11 a\u00f1os y 7 meses...","protected":false},"author":1,"featured_media":0,"parent":0,"menu_order":0,"comment_status":"closed","ping_status":"closed","template":"","meta":{"footnotes":""},"class_list":["post-698","page","type-page","status-publish"],"yoast_head":"<!-- This site is optimized with the Yoast SEO plugin v27.4 - https:\/\/yoast.com\/product\/yoast-seo-wordpress\/ -->\n<title>Hist\u00f3rias - Tereza<\/title>\n<meta name=\"robots\" content=\"index, follow, max-snippet:-1, max-image-preview:large, max-video-preview:-1\" \/>\n<link rel=\"canonical\" href=\"https:\/\/ec2-18-236-27-98.us-west-2.compute.amazonaws.com\/historias\/\" \/>\n<meta property=\"og:locale\" content=\"es_ES\" \/>\n<meta property=\"og:type\" content=\"article\" \/>\n<meta property=\"og:title\" content=\"Hist\u00f3rias - Tereza\" \/>\n<meta property=\"og:url\" content=\"https:\/\/ec2-18-236-27-98.us-west-2.compute.amazonaws.com\/historias\/\" \/>\n<meta property=\"og:site_name\" content=\"Tereza\" \/>\n<meta property=\"article:publisher\" content=\"https:\/\/www.facebook.com\/terezavaleapena\/\" \/>\n<meta property=\"article:modified_time\" content=\"2025-06-13T13:38:07+00:00\" \/>\n<meta name=\"twitter:card\" content=\"summary_large_image\" \/>\n<meta name=\"twitter:label1\" content=\"Tiempo de lectura\" \/>\n\t<meta name=\"twitter:data1\" content=\"1 minuto\" \/>\n<script type=\"application\/ld+json\" class=\"yoast-schema-graph\">{\"@context\":\"https:\\\/\\\/schema.org\",\"@graph\":[{\"@type\":\"WebPage\",\"@id\":\"https:\\\/\\\/ec2-18-236-27-98.us-west-2.compute.amazonaws.com\\\/historias\\\/\",\"url\":\"https:\\\/\\\/ec2-18-236-27-98.us-west-2.compute.amazonaws.com\\\/historias\\\/\",\"name\":\"Hist\u00f3rias - Tereza\",\"isPartOf\":{\"@id\":\"https:\\\/\\\/tereza.org.br\\\/#website\"},\"datePublished\":\"2023-12-19T17:35:44+00:00\",\"dateModified\":\"2025-06-13T13:38:07+00:00\",\"breadcrumb\":{\"@id\":\"https:\\\/\\\/ec2-18-236-27-98.us-west-2.compute.amazonaws.com\\\/historias\\\/#breadcrumb\"},\"inLanguage\":\"es\",\"potentialAction\":[{\"@type\":\"ReadAction\",\"target\":[\"https:\\\/\\\/ec2-18-236-27-98.us-west-2.compute.amazonaws.com\\\/historias\\\/\"]}]},{\"@type\":\"BreadcrumbList\",\"@id\":\"https:\\\/\\\/ec2-18-236-27-98.us-west-2.compute.amazonaws.com\\\/historias\\\/#breadcrumb\",\"itemListElement\":[{\"@type\":\"ListItem\",\"position\":1,\"name\":\"In\u00edcio\",\"item\":\"https:\\\/\\\/tereza.org.br\\\/\"},{\"@type\":\"ListItem\",\"position\":2,\"name\":\"Hist\u00f3rias\"}]},{\"@type\":\"WebSite\",\"@id\":\"https:\\\/\\\/tereza.org.br\\\/#website\",\"url\":\"https:\\\/\\\/tereza.org.br\\\/\",\"name\":\"Tereza\",\"description\":\"Vale a Pena\",\"publisher\":{\"@id\":\"https:\\\/\\\/tereza.org.br\\\/#organization\"},\"potentialAction\":[{\"@type\":\"SearchAction\",\"target\":{\"@type\":\"EntryPoint\",\"urlTemplate\":\"https:\\\/\\\/tereza.org.br\\\/?s={search_term_string}\"},\"query-input\":{\"@type\":\"PropertyValueSpecification\",\"valueRequired\":true,\"valueName\":\"search_term_string\"}}],\"inLanguage\":\"es\"},{\"@type\":\"Organization\",\"@id\":\"https:\\\/\\\/tereza.org.br\\\/#organization\",\"name\":\"Tereza\",\"url\":\"https:\\\/\\\/tereza.org.br\\\/\",\"logo\":{\"@type\":\"ImageObject\",\"inLanguage\":\"es\",\"@id\":\"https:\\\/\\\/tereza.org.br\\\/#\\\/schema\\\/logo\\\/image\\\/\",\"url\":\"http:\\\/\\\/tereza.org.br\\\/wp-content\\\/uploads\\\/2022\\\/06\\\/cropped-cropped-tereza-favicon.jpg\",\"contentUrl\":\"http:\\\/\\\/tereza.org.br\\\/wp-content\\\/uploads\\\/2022\\\/06\\\/cropped-cropped-tereza-favicon.jpg\",\"width\":512,\"height\":512,\"caption\":\"Tereza\"},\"image\":{\"@id\":\"https:\\\/\\\/tereza.org.br\\\/#\\\/schema\\\/logo\\\/image\\\/\"},\"sameAs\":[\"https:\\\/\\\/www.facebook.com\\\/terezavaleapena\\\/\"]}]}<\/script>\n<!-- \/ Yoast SEO plugin. -->","yoast_head_json":{"title":"Historias - Teresa","robots":{"index":"index","follow":"follow","max-snippet":"max-snippet:-1","max-image-preview":"max-image-preview:large","max-video-preview":"max-video-preview:-1"},"canonical":"https:\/\/ec2-18-236-27-98.us-west-2.compute.amazonaws.com\/historias\/","og_locale":"es_ES","og_type":"article","og_title":"Hist\u00f3rias - Tereza","og_url":"https:\/\/ec2-18-236-27-98.us-west-2.compute.amazonaws.com\/historias\/","og_site_name":"Tereza","article_publisher":"https:\/\/www.facebook.com\/terezavaleapena\/","article_modified_time":"2025-06-13T13:38:07+00:00","twitter_card":"summary_large_image","twitter_misc":{"Tiempo de lectura":"1 minuto"},"schema":{"@context":"https:\/\/schema.org","@graph":[{"@type":"WebPage","@id":"https:\/\/ec2-18-236-27-98.us-west-2.compute.amazonaws.com\/historias\/","url":"https:\/\/ec2-18-236-27-98.us-west-2.compute.amazonaws.com\/historias\/","name":"Historias - Teresa","isPartOf":{"@id":"https:\/\/tereza.org.br\/#website"},"datePublished":"2023-12-19T17:35:44+00:00","dateModified":"2025-06-13T13:38:07+00:00","breadcrumb":{"@id":"https:\/\/ec2-18-236-27-98.us-west-2.compute.amazonaws.com\/historias\/#breadcrumb"},"inLanguage":"es","potentialAction":[{"@type":"ReadAction","target":["https:\/\/ec2-18-236-27-98.us-west-2.compute.amazonaws.com\/historias\/"]}]},{"@type":"BreadcrumbList","@id":"https:\/\/ec2-18-236-27-98.us-west-2.compute.amazonaws.com\/historias\/#breadcrumb","itemListElement":[{"@type":"ListItem","position":1,"name":"In\u00edcio","item":"https:\/\/tereza.org.br\/"},{"@type":"ListItem","position":2,"name":"Hist\u00f3rias"}]},{"@type":"WebSite","@id":"https:\/\/tereza.org.br\/#website","url":"https:\/\/tereza.org.br\/","name":"Teresa","description":"Vale la pena","publisher":{"@id":"https:\/\/tereza.org.br\/#organization"},"potentialAction":[{"@type":"SearchAction","target":{"@type":"EntryPoint","urlTemplate":"https:\/\/tereza.org.br\/?s={search_term_string}"},"query-input":{"@type":"PropertyValueSpecification","valueRequired":true,"valueName":"search_term_string"}}],"inLanguage":"es"},{"@type":"Organization","@id":"https:\/\/tereza.org.br\/#organization","name":"Teresa","url":"https:\/\/tereza.org.br\/","logo":{"@type":"ImageObject","inLanguage":"es","@id":"https:\/\/tereza.org.br\/#\/schema\/logo\/image\/","url":"https:\/\/tereza.org.br\/wp-content\/uploads\/2022\/06\/cropped-cropped-tereza-favicon.jpg","contentUrl":"https:\/\/tereza.org.br\/wp-content\/uploads\/2022\/06\/cropped-cropped-tereza-favicon.jpg","width":512,"height":512,"caption":"Tereza"},"image":{"@id":"https:\/\/tereza.org.br\/#\/schema\/logo\/image\/"},"sameAs":["https:\/\/www.facebook.com\/terezavaleapena\/"]}]}},"_links":{"self":[{"href":"https:\/\/tereza.org.br\/es\/wp-json\/wp\/v2\/pages\/698","targetHints":{"allow":["GET"]}}],"collection":[{"href":"https:\/\/tereza.org.br\/es\/wp-json\/wp\/v2\/pages"}],"about":[{"href":"https:\/\/tereza.org.br\/es\/wp-json\/wp\/v2\/types\/page"}],"author":[{"embeddable":true,"href":"https:\/\/tereza.org.br\/es\/wp-json\/wp\/v2\/users\/1"}],"replies":[{"embeddable":true,"href":"https:\/\/tereza.org.br\/es\/wp-json\/wp\/v2\/comments?post=698"}],"version-history":[{"count":0,"href":"https:\/\/tereza.org.br\/es\/wp-json\/wp\/v2\/pages\/698\/revisions"}],"wp:attachment":[{"href":"https:\/\/tereza.org.br\/es\/wp-json\/wp\/v2\/media?parent=698"}],"curies":[{"name":"wp","href":"https:\/\/api.w.org\/{rel}","templated":true}]}}