{"id":801,"date":"2024-06-20T15:18:10","date_gmt":"2024-06-20T18:18:10","guid":{"rendered":"https:\/\/tereza.org.br\/?page_id=801"},"modified":"2024-06-20T15:19:20","modified_gmt":"2024-06-20T18:19:20","slug":"politica-de-reembolso","status":"publish","type":"page","link":"https:\/\/tereza.org.br\/es\/politica-de-reembolso\/","title":{"rendered":"Pol\u00edtica de reembolso"},"content":{"rendered":"<div id=\"fws_69e7bf41d05ee\"  data-column-margin=\"default\" data-midnight=\"dark\"  class=\"wpb_row vc_row-fluid vc_row\"  style=\"padding-top: 0px; padding-bottom: 0px; \"><div class=\"row-bg-wrap\" data-bg-animation=\"none\" data-bg-animation-delay=\"\" data-bg-overlay=\"false\"><div class=\"inner-wrap row-bg-layer\" ><div class=\"row-bg viewport-desktop\"  style=\"\"><\/div><\/div><\/div><div class=\"row_col_wrap_12 col span_12 dark left\">\n\t<div  class=\"vc_col-sm-12 wpb_column column_container vc_column_container col no-extra-padding inherit_tablet inherit_phone\"  data-padding-pos=\"all\" data-has-bg-color=\"false\" data-bg-color=\"\" data-bg-opacity=\"1\" data-animation=\"\" data-delay=\"0\" >\n\t\t<div class=\"vc_column-inner\" >\n\t\t\t<div class=\"wpb_wrapper\">\n\t\t\t\t\n<div class=\"wpb_text_column wpb_content_element\" >\n\t<p><strong>Esta pol\u00edtica de reembolso es v\u00e1lida a partir de junio de 2024.<\/strong><\/p>\n<h1><span style=\"color: #ea1873;\">POL\u00cdTICA DE REEMBOLSO\u00a0<\/span><\/h1>\n<h4><\/h4>\n<h4>C\u00f3mo solicitar un reembolso por arrepentimiento:<\/h4>\n<p>Si no est\u00e1s satisfecho con el producto o te arrepientes de la compra, puedes solicitar la devoluci\u00f3n dentro de los 7 d\u00edas siguientes a la fecha en que recibas el pedido en tu direcci\u00f3n.<\/p>\n<p>Env\u00ede un correo electr\u00f3nico a contato@tereza.org.br con su nombre completo y n\u00famero de pedido. Recibir\u00e1 un reembolso dentro de los 30 d\u00edas posteriores a la recepci\u00f3n de los productos devueltos. El importe se reembolsar\u00e1 utilizando el mismo m\u00e9todo de pago que seleccion\u00f3 al comprar en nuestra tienda en l\u00ednea. El reembolso no tendr\u00e1 ning\u00fan costo adicional.<\/p>\n<h4>C\u00f3mo solicitar una devoluci\u00f3n de productos defectuosos:<\/h4>\n<p>De acuerdo con la ley brasile\u00f1a, en el caso de art\u00edculos con defectos de fabricaci\u00f3n, usted tiene derecho a solicitar la devoluci\u00f3n dentro de los 30 d\u00edas, contados a partir de la fecha en que se recibe el pedido en su direcci\u00f3n.<\/p>\n<p>Env\u00ede un correo electr\u00f3nico a contato@tereza.org.br con su nombre completo, n\u00famero de pedido e informaci\u00f3n sobre el defecto de fabricaci\u00f3n (descripci\u00f3n con fotos o videos). Revisaremos su caso dentro de los 30 d\u00edas posteriores a la recepci\u00f3n de los productos devueltos. El importe se reembolsar\u00e1 utilizando el mismo m\u00e9todo de pago que seleccion\u00f3 al comprar en nuestra tienda en l\u00ednea. El reembolso no tendr\u00e1 ning\u00fan costo adicional.<\/p>\n<h4>C\u00f3mo devolver productos:<\/h4>\n<p>De acuerdo con la Ley del Consumidor, los gastos de env\u00edo de devoluci\u00f3n de productos por derecho de desistimiento o art\u00edculos con defectos de fabricaci\u00f3n ser\u00e1n cubiertos por nuestra tienda a trav\u00e9s del proceso de log\u00edstica inversa.<\/p>\n<p>Recibir\u00e1 un c\u00f3digo de autorizaci\u00f3n de env\u00edo por correo electr\u00f3nico tras enviar su solicitud de devoluci\u00f3n. Deber\u00e1 enviar el art\u00edculo a una oficina de correos. No cubrimos los gastos de embalaje, por lo que le recomendamos usar el mismo embalaje en el que recibi\u00f3 su compra (si no est\u00e1 da\u00f1ado) o una caja adecuada para proteger los art\u00edculos durante el transporte.<\/p>\n<p>Direcci\u00f3n para devoluci\u00f3n del producto: Rua GAL SYZENO SARMENTO 805 Lote 72<\/p>\n<h4>Cont\u00e1ctenos:<\/h4>\n<p>Si tiene alguna pregunta sobre nuestra pol\u00edtica de reembolso y devoluci\u00f3n, cont\u00e1ctenos en contato@tereza.org.br.<\/p>\n<\/div>\n\n\n\n\n\t\t\t<\/div> \n\t\t<\/div>\n\t<\/div> \n<\/div><\/div>","protected":false},"excerpt":{"rendered":"Esta pol\u00edtica de reembolso \u00e9 v\u00e1lida a partir de Jun 2024. POL\u00cdTICA DE REEMBOLSO\u00a0 Como solicitar uma devolu\u00e7\u00e3o por arrependimento: Caso voc\u00ea n\u00e3o esteja satisfeito com o produto ou tenha...","protected":false},"author":1,"featured_media":0,"parent":0,"menu_order":0,"comment_status":"closed","ping_status":"closed","template":"","meta":{"footnotes":""},"class_list":["post-801","page","type-page","status-publish"],"yoast_head":"<!-- This site is optimized with the Yoast SEO plugin v27.4 - https:\/\/yoast.com\/product\/yoast-seo-wordpress\/ -->\n<title>Pol\u00edtica de Reembolso - Tereza<\/title>\n<meta name=\"robots\" content=\"index, follow, max-snippet:-1, max-image-preview:large, max-video-preview:-1\" \/>\n<link rel=\"canonical\" href=\"https:\/\/tereza.org.br\/es\/politica-de-reembolso\/\" \/>\n<meta property=\"og:locale\" content=\"es_ES\" \/>\n<meta property=\"og:type\" content=\"article\" \/>\n<meta property=\"og:title\" content=\"Pol\u00edtica de Reembolso - Tereza\" \/>\n<meta property=\"og:url\" content=\"https:\/\/tereza.org.br\/es\/politica-de-reembolso\/\" \/>\n<meta property=\"og:site_name\" content=\"Tereza\" \/>\n<meta property=\"article:publisher\" content=\"https:\/\/www.facebook.com\/terezavaleapena\/\" \/>\n<meta property=\"article:modified_time\" content=\"2024-06-20T18:19:20+00:00\" \/>\n<meta name=\"twitter:card\" content=\"summary_large_image\" \/>\n<meta name=\"twitter:label1\" content=\"Tiempo de lectura\" \/>\n\t<meta name=\"twitter:data1\" content=\"3 minutos\" \/>\n<script type=\"application\/ld+json\" class=\"yoast-schema-graph\">{\"@context\":\"https:\\\/\\\/schema.org\",\"@graph\":[{\"@type\":\"WebPage\",\"@id\":\"https:\\\/\\\/tereza.org.br\\\/es\\\/politica-de-reembolso\\\/\",\"url\":\"https:\\\/\\\/tereza.org.br\\\/es\\\/politica-de-reembolso\\\/\",\"name\":\"Pol\u00edtica de Reembolso - Tereza\",\"isPartOf\":{\"@id\":\"https:\\\/\\\/18.236.27.98\\\/#website\"},\"datePublished\":\"2024-06-20T18:18:10+00:00\",\"dateModified\":\"2024-06-20T18:19:20+00:00\",\"breadcrumb\":{\"@id\":\"https:\\\/\\\/tereza.org.br\\\/es\\\/politica-de-reembolso\\\/#breadcrumb\"},\"inLanguage\":\"es\",\"potentialAction\":[{\"@type\":\"ReadAction\",\"target\":[\"https:\\\/\\\/tereza.org.br\\\/es\\\/politica-de-reembolso\\\/\"]}]},{\"@type\":\"BreadcrumbList\",\"@id\":\"https:\\\/\\\/tereza.org.br\\\/es\\\/politica-de-reembolso\\\/#breadcrumb\",\"itemListElement\":[{\"@type\":\"ListItem\",\"position\":1,\"name\":\"In\u00edcio\",\"item\":\"https:\\\/\\\/tereza.org.br\\\/en\\\/\"},{\"@type\":\"ListItem\",\"position\":2,\"name\":\"Pol\u00edtica de Reembolso\"}]},{\"@type\":\"WebSite\",\"@id\":\"https:\\\/\\\/18.236.27.98\\\/#website\",\"url\":\"https:\\\/\\\/18.236.27.98\\\/\",\"name\":\"Tereza\",\"description\":\"Vale a Pena\",\"publisher\":{\"@id\":\"https:\\\/\\\/18.236.27.98\\\/#organization\"},\"potentialAction\":[{\"@type\":\"SearchAction\",\"target\":{\"@type\":\"EntryPoint\",\"urlTemplate\":\"https:\\\/\\\/18.236.27.98\\\/?s={search_term_string}\"},\"query-input\":{\"@type\":\"PropertyValueSpecification\",\"valueRequired\":true,\"valueName\":\"search_term_string\"}}],\"inLanguage\":\"es\"},{\"@type\":\"Organization\",\"@id\":\"https:\\\/\\\/18.236.27.98\\\/#organization\",\"name\":\"Tereza\",\"url\":\"https:\\\/\\\/18.236.27.98\\\/\",\"logo\":{\"@type\":\"ImageObject\",\"inLanguage\":\"es\",\"@id\":\"https:\\\/\\\/18.236.27.98\\\/#\\\/schema\\\/logo\\\/image\\\/\",\"url\":\"http:\\\/\\\/tereza.org.br\\\/wp-content\\\/uploads\\\/2022\\\/06\\\/cropped-cropped-tereza-favicon.jpg\",\"contentUrl\":\"http:\\\/\\\/tereza.org.br\\\/wp-content\\\/uploads\\\/2022\\\/06\\\/cropped-cropped-tereza-favicon.jpg\",\"width\":512,\"height\":512,\"caption\":\"Tereza\"},\"image\":{\"@id\":\"https:\\\/\\\/18.236.27.98\\\/#\\\/schema\\\/logo\\\/image\\\/\"},\"sameAs\":[\"https:\\\/\\\/www.facebook.com\\\/terezavaleapena\\\/\"]}]}<\/script>\n<!-- \/ Yoast SEO plugin. -->","yoast_head_json":{"title":"Pol\u00edtica de reembolso - Tereza","robots":{"index":"index","follow":"follow","max-snippet":"max-snippet:-1","max-image-preview":"max-image-preview:large","max-video-preview":"max-video-preview:-1"},"canonical":"https:\/\/tereza.org.br\/es\/politica-de-reembolso\/","og_locale":"es_ES","og_type":"article","og_title":"Pol\u00edtica de Reembolso - Tereza","og_url":"https:\/\/tereza.org.br\/es\/politica-de-reembolso\/","og_site_name":"Tereza","article_publisher":"https:\/\/www.facebook.com\/terezavaleapena\/","article_modified_time":"2024-06-20T18:19:20+00:00","twitter_card":"summary_large_image","twitter_misc":{"Tiempo de lectura":"3 minutos"},"schema":{"@context":"https:\/\/schema.org","@graph":[{"@type":"WebPage","@id":"https:\/\/tereza.org.br\/es\/politica-de-reembolso\/","url":"https:\/\/tereza.org.br\/es\/politica-de-reembolso\/","name":"Pol\u00edtica de reembolso - Tereza","isPartOf":{"@id":"https:\/\/18.236.27.98\/#website"},"datePublished":"2024-06-20T18:18:10+00:00","dateModified":"2024-06-20T18:19:20+00:00","breadcrumb":{"@id":"https:\/\/tereza.org.br\/es\/politica-de-reembolso\/#breadcrumb"},"inLanguage":"es","potentialAction":[{"@type":"ReadAction","target":["https:\/\/tereza.org.br\/es\/politica-de-reembolso\/"]}]},{"@type":"BreadcrumbList","@id":"https:\/\/tereza.org.br\/es\/politica-de-reembolso\/#breadcrumb","itemListElement":[{"@type":"ListItem","position":1,"name":"In\u00edcio","item":"https:\/\/tereza.org.br\/en\/"},{"@type":"ListItem","position":2,"name":"Pol\u00edtica de Reembolso"}]},{"@type":"WebSite","@id":"https:\/\/18.236.27.98\/#website","url":"https:\/\/18.236.27.98\/","name":"Teresa","description":"Vale la pena","publisher":{"@id":"https:\/\/18.236.27.98\/#organization"},"potentialAction":[{"@type":"SearchAction","target":{"@type":"EntryPoint","urlTemplate":"https:\/\/18.236.27.98\/?s={search_term_string}"},"query-input":{"@type":"PropertyValueSpecification","valueRequired":true,"valueName":"search_term_string"}}],"inLanguage":"es"},{"@type":"Organization","@id":"https:\/\/18.236.27.98\/#organization","name":"Teresa","url":"https:\/\/18.236.27.98\/","logo":{"@type":"ImageObject","inLanguage":"es","@id":"https:\/\/18.236.27.98\/#\/schema\/logo\/image\/","url":"https:\/\/tereza.org.br\/wp-content\/uploads\/2022\/06\/cropped-cropped-tereza-favicon.jpg","contentUrl":"https:\/\/tereza.org.br\/wp-content\/uploads\/2022\/06\/cropped-cropped-tereza-favicon.jpg","width":512,"height":512,"caption":"Tereza"},"image":{"@id":"https:\/\/18.236.27.98\/#\/schema\/logo\/image\/"},"sameAs":["https:\/\/www.facebook.com\/terezavaleapena\/"]}]}},"_links":{"self":[{"href":"https:\/\/tereza.org.br\/es\/wp-json\/wp\/v2\/pages\/801","targetHints":{"allow":["GET"]}}],"collection":[{"href":"https:\/\/tereza.org.br\/es\/wp-json\/wp\/v2\/pages"}],"about":[{"href":"https:\/\/tereza.org.br\/es\/wp-json\/wp\/v2\/types\/page"}],"author":[{"embeddable":true,"href":"https:\/\/tereza.org.br\/es\/wp-json\/wp\/v2\/users\/1"}],"replies":[{"embeddable":true,"href":"https:\/\/tereza.org.br\/es\/wp-json\/wp\/v2\/comments?post=801"}],"version-history":[{"count":0,"href":"https:\/\/tereza.org.br\/es\/wp-json\/wp\/v2\/pages\/801\/revisions"}],"wp:attachment":[{"href":"https:\/\/tereza.org.br\/es\/wp-json\/wp\/v2\/media?parent=801"}],"curies":[{"name":"wp","href":"https:\/\/api.w.org\/{rel}","templated":true}]}}