{"id":176,"date":"2022-06-08T19:33:47","date_gmt":"2022-06-08T22:33:47","guid":{"rendered":"https:\/\/tereza.org.br\/\/?post_type=product&#038;p=176"},"modified":"2025-10-07T17:27:34","modified_gmt":"2025-10-07T20:27:34","slug":"pequeno-bolso-de-abuela-bordado","status":"publish","type":"product","link":"https:\/\/tereza.org.br\/es\/product\/pequeno-bolso-de-abuela-bordado\/","title":{"rendered":"Monedero peque\u00f1o bordado de abuela"},"content":{"rendered":"","protected":false},"excerpt":{"rendered":"<p>Bolso peque\u00f1o de tela de algod\u00f3n 100% con cierre met\u00e1lico. Bordado a mano con diversos motivos como &quot;Fe&quot;, &quot;Paz&quot; y &quot;B\u00faho&quot;.<\/p>","protected":false},"featured_media":431,"comment_status":"open","ping_status":"closed","template":"","meta":[],"product_brand":[],"product_cat":[35],"product_tag":[29,39],"class_list":{"0":"post-176","1":"product","2":"type-product","3":"status-publish","4":"has-post-thumbnail","6":"product_cat-catalogo","7":"product_tag-bolsas-e-sacolas","8":"product_tag-colecao-retro","9":"product_shipping_class-brasil","11":"first","12":"outofstock","13":"shipping-taxable","14":"purchasable","15":"product-type-simple"},"yoast_head":"<!-- This site is optimized with the Yoast SEO plugin v27.4 - https:\/\/yoast.com\/product\/yoast-seo-wordpress\/ -->\n<title>Bolsinha Bordada Vov\u00f3 Pequena - Tereza<\/title>\n<meta name=\"description\" content=\"Bolsinha em tecido 100% algod\u00e3o e fecho em metal. Bordados variados feitos \u00e0 m\u00e3o \u201cF\u00e9&quot;, &quot;Paz\u201d e \u201cCoruja\u201d.\" \/>\n<meta name=\"robots\" content=\"index, follow, max-snippet:-1, max-image-preview:large, max-video-preview:-1\" \/>\n<link rel=\"canonical\" href=\"https:\/\/ec2-18-236-27-98.us-west-2.compute.amazonaws.com\/es\/product\/pequeno-bolso-de-abuela-bordado\/\" \/>\n<meta property=\"og:locale\" content=\"es_ES\" \/>\n<meta property=\"og:type\" content=\"article\" \/>\n<meta property=\"og:title\" content=\"Bolsinha Bordada Vov\u00f3 Pequena - Tereza\" \/>\n<meta property=\"og:description\" content=\"Bolsinha em tecido 100% algod\u00e3o e fecho em metal. Bordados variados feitos \u00e0 m\u00e3o \u201cF\u00e9&quot;, &quot;Paz\u201d e \u201cCoruja\u201d.\" \/>\n<meta property=\"og:url\" content=\"https:\/\/ec2-18-236-27-98.us-west-2.compute.amazonaws.com\/es\/product\/pequeno-bolso-de-abuela-bordado\/\" \/>\n<meta property=\"og:site_name\" content=\"Tereza\" \/>\n<meta property=\"article:publisher\" content=\"https:\/\/www.facebook.com\/terezavaleapena\/\" \/>\n<meta property=\"article:modified_time\" content=\"2025-10-07T20:27:34+00:00\" \/>\n<meta property=\"og:image\" content=\"https:\/\/ec2-18-236-27-98.us-west-2.compute.amazonaws.com\/wp-content\/uploads\/2022\/06\/vovo_coracao_flores1_P.jpg\" \/>\n\t<meta property=\"og:image:width\" content=\"800\" \/>\n\t<meta property=\"og:image:height\" content=\"534\" \/>\n\t<meta property=\"og:image:type\" content=\"image\/jpeg\" \/>\n<meta name=\"twitter:card\" content=\"summary_large_image\" \/>\n<meta name=\"twitter:label1\" content=\"Tiempo de lectura\" \/>\n\t<meta name=\"twitter:data1\" content=\"1 minuto\" \/>\n<script type=\"application\/ld+json\" class=\"yoast-schema-graph\">{\"@context\":\"https:\\\/\\\/schema.org\",\"@graph\":[{\"@type\":\"WebPage\",\"@id\":\"https:\\\/\\\/ec2-18-236-27-98.us-west-2.compute.amazonaws.com\\\/es\\\/product\\\/pequeno-bolso-de-abuela-bordado\\\/\",\"url\":\"https:\\\/\\\/ec2-18-236-27-98.us-west-2.compute.amazonaws.com\\\/es\\\/product\\\/pequeno-bolso-de-abuela-bordado\\\/\",\"name\":\"Bolsinha Bordada Vov\u00f3 Pequena - Tereza\",\"isPartOf\":{\"@id\":\"https:\\\/\\\/tereza.org.br\\\/#website\"},\"primaryImageOfPage\":{\"@id\":\"https:\\\/\\\/ec2-18-236-27-98.us-west-2.compute.amazonaws.com\\\/es\\\/product\\\/pequeno-bolso-de-abuela-bordado\\\/#primaryimage\"},\"image\":{\"@id\":\"https:\\\/\\\/ec2-18-236-27-98.us-west-2.compute.amazonaws.com\\\/es\\\/product\\\/pequeno-bolso-de-abuela-bordado\\\/#primaryimage\"},\"thumbnailUrl\":\"https:\\\/\\\/tereza.org.br\\\/wp-content\\\/uploads\\\/2022\\\/06\\\/vovo_coracao_flores1_P.jpg\",\"datePublished\":\"2022-06-08T22:33:47+00:00\",\"dateModified\":\"2025-10-07T20:27:34+00:00\",\"description\":\"Bolsinha em tecido 100% algod\u00e3o e fecho em metal. Bordados variados feitos \u00e0 m\u00e3o \u201cF\u00e9\\\", \\\"Paz\u201d e \u201cCoruja\u201d.\",\"breadcrumb\":{\"@id\":\"https:\\\/\\\/ec2-18-236-27-98.us-west-2.compute.amazonaws.com\\\/es\\\/product\\\/pequeno-bolso-de-abuela-bordado\\\/#breadcrumb\"},\"inLanguage\":\"es\",\"potentialAction\":[{\"@type\":\"ReadAction\",\"target\":[\"https:\\\/\\\/ec2-18-236-27-98.us-west-2.compute.amazonaws.com\\\/es\\\/product\\\/pequeno-bolso-de-abuela-bordado\\\/\"]}]},{\"@type\":\"ImageObject\",\"inLanguage\":\"es\",\"@id\":\"https:\\\/\\\/ec2-18-236-27-98.us-west-2.compute.amazonaws.com\\\/es\\\/product\\\/pequeno-bolso-de-abuela-bordado\\\/#primaryimage\",\"url\":\"https:\\\/\\\/tereza.org.br\\\/wp-content\\\/uploads\\\/2022\\\/06\\\/vovo_coracao_flores1_P.jpg\",\"contentUrl\":\"https:\\\/\\\/tereza.org.br\\\/wp-content\\\/uploads\\\/2022\\\/06\\\/vovo_coracao_flores1_P.jpg\",\"width\":800,\"height\":534},{\"@type\":\"BreadcrumbList\",\"@id\":\"https:\\\/\\\/ec2-18-236-27-98.us-west-2.compute.amazonaws.com\\\/es\\\/product\\\/pequeno-bolso-de-abuela-bordado\\\/#breadcrumb\",\"itemListElement\":[{\"@type\":\"ListItem\",\"position\":1,\"name\":\"In\u00edcio\",\"item\":\"https:\\\/\\\/tereza.org.br\\\/\"},{\"@type\":\"ListItem\",\"position\":2,\"name\":\"Loja\",\"item\":\"https:\\\/\\\/18.236.27.98\\\/loja\\\/\"},{\"@type\":\"ListItem\",\"position\":3,\"name\":\"Bolsinha Bordada Vov\u00f3 Pequena\"}]},{\"@type\":\"WebSite\",\"@id\":\"https:\\\/\\\/tereza.org.br\\\/#website\",\"url\":\"https:\\\/\\\/tereza.org.br\\\/\",\"name\":\"Tereza\",\"description\":\"Vale a Pena\",\"publisher\":{\"@id\":\"https:\\\/\\\/tereza.org.br\\\/#organization\"},\"potentialAction\":[{\"@type\":\"SearchAction\",\"target\":{\"@type\":\"EntryPoint\",\"urlTemplate\":\"https:\\\/\\\/tereza.org.br\\\/?s={search_term_string}\"},\"query-input\":{\"@type\":\"PropertyValueSpecification\",\"valueRequired\":true,\"valueName\":\"search_term_string\"}}],\"inLanguage\":\"es\"},{\"@type\":\"Organization\",\"@id\":\"https:\\\/\\\/tereza.org.br\\\/#organization\",\"name\":\"Tereza\",\"url\":\"https:\\\/\\\/tereza.org.br\\\/\",\"logo\":{\"@type\":\"ImageObject\",\"inLanguage\":\"es\",\"@id\":\"https:\\\/\\\/tereza.org.br\\\/#\\\/schema\\\/logo\\\/image\\\/\",\"url\":\"http:\\\/\\\/tereza.org.br\\\/wp-content\\\/uploads\\\/2022\\\/06\\\/cropped-cropped-tereza-favicon.jpg\",\"contentUrl\":\"http:\\\/\\\/tereza.org.br\\\/wp-content\\\/uploads\\\/2022\\\/06\\\/cropped-cropped-tereza-favicon.jpg\",\"width\":512,\"height\":512,\"caption\":\"Tereza\"},\"image\":{\"@id\":\"https:\\\/\\\/tereza.org.br\\\/#\\\/schema\\\/logo\\\/image\\\/\"},\"sameAs\":[\"https:\\\/\\\/www.facebook.com\\\/terezavaleapena\\\/\"]}]}<\/script>\n<!-- \/ Yoast SEO plugin. -->","yoast_head_json":{"title":"Monedero peque\u00f1o de abuela bordado - Tereza","description":"Bolso peque\u00f1o de tela de algod\u00f3n 100% con cierre met\u00e1lico. Diversos bordados a mano: \u00abFe\u00bb, \u00abPaz\u00bb y \u00abB\u00faho\u00bb.","robots":{"index":"index","follow":"follow","max-snippet":"max-snippet:-1","max-image-preview":"max-image-preview:large","max-video-preview":"max-video-preview:-1"},"canonical":"https:\/\/ec2-18-236-27-98.us-west-2.compute.amazonaws.com\/es\/product\/pequeno-bolso-de-abuela-bordado\/","og_locale":"es_ES","og_type":"article","og_title":"Bolsinha Bordada Vov\u00f3 Pequena - Tereza","og_description":"Bolsinha em tecido 100% algod\u00e3o e fecho em metal. Bordados variados feitos \u00e0 m\u00e3o \u201cF\u00e9\", \"Paz\u201d e \u201cCoruja\u201d.","og_url":"https:\/\/ec2-18-236-27-98.us-west-2.compute.amazonaws.com\/es\/product\/pequeno-bolso-de-abuela-bordado\/","og_site_name":"Tereza","article_publisher":"https:\/\/www.facebook.com\/terezavaleapena\/","article_modified_time":"2025-10-07T20:27:34+00:00","og_image":[{"width":800,"height":534,"url":"https:\/\/ec2-18-236-27-98.us-west-2.compute.amazonaws.com\/wp-content\/uploads\/2022\/06\/vovo_coracao_flores1_P.jpg","type":"image\/jpeg"}],"twitter_card":"summary_large_image","twitter_misc":{"Tiempo de lectura":"1 minuto"},"schema":{"@context":"https:\/\/schema.org","@graph":[{"@type":"WebPage","@id":"https:\/\/ec2-18-236-27-98.us-west-2.compute.amazonaws.com\/es\/product\/pequeno-bolso-de-abuela-bordado\/","url":"https:\/\/ec2-18-236-27-98.us-west-2.compute.amazonaws.com\/es\/product\/pequeno-bolso-de-abuela-bordado\/","name":"Monedero peque\u00f1o de abuela bordado - Tereza","isPartOf":{"@id":"https:\/\/tereza.org.br\/#website"},"primaryImageOfPage":{"@id":"https:\/\/ec2-18-236-27-98.us-west-2.compute.amazonaws.com\/es\/product\/pequeno-bolso-de-abuela-bordado\/#primaryimage"},"image":{"@id":"https:\/\/ec2-18-236-27-98.us-west-2.compute.amazonaws.com\/es\/product\/pequeno-bolso-de-abuela-bordado\/#primaryimage"},"thumbnailUrl":"https:\/\/tereza.org.br\/wp-content\/uploads\/2022\/06\/vovo_coracao_flores1_P.jpg","datePublished":"2022-06-08T22:33:47+00:00","dateModified":"2025-10-07T20:27:34+00:00","description":"Bolso peque\u00f1o de tela de algod\u00f3n 100% con cierre met\u00e1lico. Diversos bordados a mano: \u00abFe\u00bb, \u00abPaz\u00bb y \u00abB\u00faho\u00bb.","breadcrumb":{"@id":"https:\/\/ec2-18-236-27-98.us-west-2.compute.amazonaws.com\/es\/product\/pequeno-bolso-de-abuela-bordado\/#breadcrumb"},"inLanguage":"es","potentialAction":[{"@type":"ReadAction","target":["https:\/\/ec2-18-236-27-98.us-west-2.compute.amazonaws.com\/es\/product\/pequeno-bolso-de-abuela-bordado\/"]}]},{"@type":"ImageObject","inLanguage":"es","@id":"https:\/\/ec2-18-236-27-98.us-west-2.compute.amazonaws.com\/es\/product\/pequeno-bolso-de-abuela-bordado\/#primaryimage","url":"https:\/\/tereza.org.br\/wp-content\/uploads\/2022\/06\/vovo_coracao_flores1_P.jpg","contentUrl":"https:\/\/tereza.org.br\/wp-content\/uploads\/2022\/06\/vovo_coracao_flores1_P.jpg","width":800,"height":534},{"@type":"BreadcrumbList","@id":"https:\/\/ec2-18-236-27-98.us-west-2.compute.amazonaws.com\/es\/product\/pequeno-bolso-de-abuela-bordado\/#breadcrumb","itemListElement":[{"@type":"ListItem","position":1,"name":"In\u00edcio","item":"https:\/\/tereza.org.br\/"},{"@type":"ListItem","position":2,"name":"Loja","item":"https:\/\/18.236.27.98\/loja\/"},{"@type":"ListItem","position":3,"name":"Bolsinha Bordada Vov\u00f3 Pequena"}]},{"@type":"WebSite","@id":"https:\/\/tereza.org.br\/#website","url":"https:\/\/tereza.org.br\/","name":"Teresa","description":"Vale la pena","publisher":{"@id":"https:\/\/tereza.org.br\/#organization"},"potentialAction":[{"@type":"SearchAction","target":{"@type":"EntryPoint","urlTemplate":"https:\/\/tereza.org.br\/?s={search_term_string}"},"query-input":{"@type":"PropertyValueSpecification","valueRequired":true,"valueName":"search_term_string"}}],"inLanguage":"es"},{"@type":"Organization","@id":"https:\/\/tereza.org.br\/#organization","name":"Teresa","url":"https:\/\/tereza.org.br\/","logo":{"@type":"ImageObject","inLanguage":"es","@id":"https:\/\/tereza.org.br\/#\/schema\/logo\/image\/","url":"https:\/\/tereza.org.br\/wp-content\/uploads\/2022\/06\/cropped-cropped-tereza-favicon.jpg","contentUrl":"https:\/\/tereza.org.br\/wp-content\/uploads\/2022\/06\/cropped-cropped-tereza-favicon.jpg","width":512,"height":512,"caption":"Tereza"},"image":{"@id":"https:\/\/tereza.org.br\/#\/schema\/logo\/image\/"},"sameAs":["https:\/\/www.facebook.com\/terezavaleapena\/"]}]}},"_links":{"self":[{"href":"https:\/\/tereza.org.br\/es\/wp-json\/wp\/v2\/product\/176","targetHints":{"allow":["GET"]}}],"collection":[{"href":"https:\/\/tereza.org.br\/es\/wp-json\/wp\/v2\/product"}],"about":[{"href":"https:\/\/tereza.org.br\/es\/wp-json\/wp\/v2\/types\/product"}],"replies":[{"embeddable":true,"href":"https:\/\/tereza.org.br\/es\/wp-json\/wp\/v2\/comments?post=176"}],"wp:featuredmedia":[{"embeddable":true,"href":"https:\/\/tereza.org.br\/es\/wp-json\/wp\/v2\/media\/431"}],"wp:attachment":[{"href":"https:\/\/tereza.org.br\/es\/wp-json\/wp\/v2\/media?parent=176"}],"wp:term":[{"taxonomy":"product_brand","embeddable":true,"href":"https:\/\/tereza.org.br\/es\/wp-json\/wp\/v2\/product_brand?post=176"},{"taxonomy":"product_cat","embeddable":true,"href":"https:\/\/tereza.org.br\/es\/wp-json\/wp\/v2\/product_cat?post=176"},{"taxonomy":"product_tag","embeddable":true,"href":"https:\/\/tereza.org.br\/es\/wp-json\/wp\/v2\/product_tag?post=176"}],"curies":[{"name":"wp","href":"https:\/\/api.w.org\/{rel}","templated":true}]}}