{"id":325,"date":"2022-11-16T16:33:59","date_gmt":"2022-11-16T19:33:59","guid":{"rendered":"https:\/\/tereza.org.br\/?post_type=product&#038;p=325"},"modified":"2025-10-07T17:26:53","modified_gmt":"2025-10-07T20:26:53","slug":"mini-bolso-de-abuela","status":"publish","type":"product","link":"https:\/\/tereza.org.br\/es\/product\/mini-bolso-de-abuela\/","title":{"rendered":"Mini bolso de abuela"},"content":{"rendered":"","protected":false},"excerpt":{"rendered":"<p>Bolso de tela de c\u00e1\u00f1amo estampada, forrado con c\u00e1\u00f1amo natural. Cuenta con un cierre de metal dorado antiguo.<\/p>","protected":false},"featured_media":326,"comment_status":"open","ping_status":"closed","template":"","meta":[],"product_brand":[],"product_cat":[35],"product_tag":[29,49],"class_list":{"0":"post-325","1":"product","2":"type-product","3":"status-publish","4":"has-post-thumbnail","6":"product_cat-catalogo","7":"product_tag-bolsas-e-sacolas","8":"product_tag-colecao-canhamo","9":"product_shipping_class-brasil","11":"first","12":"outofstock","13":"featured","14":"shipping-taxable","15":"purchasable","16":"product-type-simple"},"yoast_head":"<!-- This site is optimized with the Yoast SEO plugin v27.4 - https:\/\/yoast.com\/product\/yoast-seo-wordpress\/ -->\n<title>Bolsinha Vov\u00f3 Mini - Tereza<\/title>\n<meta name=\"description\" content=\"Bolsa em tecido de c\u00e2nhamo estampado, forrada em c\u00e2nhamo cor natural. Possui fecho da vov\u00f3 em metal na cor ouro velho.\" \/>\n<meta name=\"robots\" content=\"index, follow, max-snippet:-1, max-image-preview:large, max-video-preview:-1\" \/>\n<link rel=\"canonical\" href=\"https:\/\/ec2-18-236-27-98.us-west-2.compute.amazonaws.com\/en\/product\/mini-grandma-purse\/\" \/>\n<meta property=\"og:locale\" content=\"es_ES\" \/>\n<meta property=\"og:type\" content=\"article\" \/>\n<meta property=\"og:title\" content=\"Bolsinha Vov\u00f3 Mini - Tereza\" \/>\n<meta property=\"og:description\" content=\"Bolsa em tecido de c\u00e2nhamo estampado, forrada em c\u00e2nhamo cor natural. Possui fecho da vov\u00f3 em metal na cor ouro velho.\" \/>\n<meta property=\"og:url\" content=\"https:\/\/ec2-18-236-27-98.us-west-2.compute.amazonaws.com\/en\/product\/mini-grandma-purse\/\" \/>\n<meta property=\"og:site_name\" content=\"Tereza\" \/>\n<meta property=\"article:publisher\" content=\"https:\/\/www.facebook.com\/terezavaleapena\/\" \/>\n<meta property=\"article:modified_time\" content=\"2025-10-07T20:26:53+00:00\" \/>\n<meta property=\"og:image\" content=\"https:\/\/ec2-18-236-27-98.us-west-2.compute.amazonaws.com\/wp-content\/uploads\/2022\/11\/Copia-de-_DSC2475-Editar-2.jpg\" \/>\n\t<meta property=\"og:image:width\" content=\"800\" \/>\n\t<meta property=\"og:image:height\" content=\"534\" \/>\n\t<meta property=\"og:image:type\" content=\"image\/jpeg\" \/>\n<meta name=\"twitter:card\" content=\"summary_large_image\" \/>\n<meta name=\"twitter:label1\" content=\"Tiempo de lectura\" \/>\n\t<meta name=\"twitter:data1\" content=\"1 minuto\" \/>\n<script type=\"application\/ld+json\" class=\"yoast-schema-graph\">{\"@context\":\"https:\\\/\\\/schema.org\",\"@graph\":[{\"@type\":\"WebPage\",\"@id\":\"https:\\\/\\\/ec2-18-236-27-98.us-west-2.compute.amazonaws.com\\\/en\\\/product\\\/mini-grandma-purse\\\/\",\"url\":\"https:\\\/\\\/ec2-18-236-27-98.us-west-2.compute.amazonaws.com\\\/en\\\/product\\\/mini-grandma-purse\\\/\",\"name\":\"Bolsinha Vov\u00f3 Mini - Tereza\",\"isPartOf\":{\"@id\":\"https:\\\/\\\/tereza.org.br\\\/#website\"},\"primaryImageOfPage\":{\"@id\":\"https:\\\/\\\/ec2-18-236-27-98.us-west-2.compute.amazonaws.com\\\/en\\\/product\\\/mini-grandma-purse\\\/#primaryimage\"},\"image\":{\"@id\":\"https:\\\/\\\/ec2-18-236-27-98.us-west-2.compute.amazonaws.com\\\/en\\\/product\\\/mini-grandma-purse\\\/#primaryimage\"},\"thumbnailUrl\":\"https:\\\/\\\/tereza.org.br\\\/wp-content\\\/uploads\\\/2022\\\/11\\\/Copia-de-_DSC2475-Editar-2.jpg\",\"datePublished\":\"2022-11-16T19:33:59+00:00\",\"dateModified\":\"2025-10-07T20:26:53+00:00\",\"description\":\"Bolsa em tecido de c\u00e2nhamo estampado, forrada em c\u00e2nhamo cor natural. Possui fecho da vov\u00f3 em metal na cor ouro velho.\",\"breadcrumb\":{\"@id\":\"https:\\\/\\\/ec2-18-236-27-98.us-west-2.compute.amazonaws.com\\\/en\\\/product\\\/mini-grandma-purse\\\/#breadcrumb\"},\"inLanguage\":\"es\",\"potentialAction\":[{\"@type\":\"ReadAction\",\"target\":[\"https:\\\/\\\/ec2-18-236-27-98.us-west-2.compute.amazonaws.com\\\/en\\\/product\\\/mini-grandma-purse\\\/\"]}]},{\"@type\":\"ImageObject\",\"inLanguage\":\"es\",\"@id\":\"https:\\\/\\\/ec2-18-236-27-98.us-west-2.compute.amazonaws.com\\\/en\\\/product\\\/mini-grandma-purse\\\/#primaryimage\",\"url\":\"https:\\\/\\\/tereza.org.br\\\/wp-content\\\/uploads\\\/2022\\\/11\\\/Copia-de-_DSC2475-Editar-2.jpg\",\"contentUrl\":\"https:\\\/\\\/tereza.org.br\\\/wp-content\\\/uploads\\\/2022\\\/11\\\/Copia-de-_DSC2475-Editar-2.jpg\",\"width\":800,\"height\":534,\"caption\":\"Bolsa de tecido de c\u00e2nhamo com fecho da vov\u00f3 em metal\"},{\"@type\":\"BreadcrumbList\",\"@id\":\"https:\\\/\\\/ec2-18-236-27-98.us-west-2.compute.amazonaws.com\\\/en\\\/product\\\/mini-grandma-purse\\\/#breadcrumb\",\"itemListElement\":[{\"@type\":\"ListItem\",\"position\":1,\"name\":\"In\u00edcio\",\"item\":\"https:\\\/\\\/tereza.org.br\\\/\"},{\"@type\":\"ListItem\",\"position\":2,\"name\":\"Loja\",\"item\":\"https:\\\/\\\/18.236.27.98\\\/loja\\\/\"},{\"@type\":\"ListItem\",\"position\":3,\"name\":\"Bolsinha Vov\u00f3 Mini\"}]},{\"@type\":\"WebSite\",\"@id\":\"https:\\\/\\\/tereza.org.br\\\/#website\",\"url\":\"https:\\\/\\\/tereza.org.br\\\/\",\"name\":\"Tereza\",\"description\":\"Vale a Pena\",\"publisher\":{\"@id\":\"https:\\\/\\\/tereza.org.br\\\/#organization\"},\"potentialAction\":[{\"@type\":\"SearchAction\",\"target\":{\"@type\":\"EntryPoint\",\"urlTemplate\":\"https:\\\/\\\/tereza.org.br\\\/?s={search_term_string}\"},\"query-input\":{\"@type\":\"PropertyValueSpecification\",\"valueRequired\":true,\"valueName\":\"search_term_string\"}}],\"inLanguage\":\"es\"},{\"@type\":\"Organization\",\"@id\":\"https:\\\/\\\/tereza.org.br\\\/#organization\",\"name\":\"Tereza\",\"url\":\"https:\\\/\\\/tereza.org.br\\\/\",\"logo\":{\"@type\":\"ImageObject\",\"inLanguage\":\"es\",\"@id\":\"https:\\\/\\\/tereza.org.br\\\/#\\\/schema\\\/logo\\\/image\\\/\",\"url\":\"http:\\\/\\\/tereza.org.br\\\/wp-content\\\/uploads\\\/2022\\\/06\\\/cropped-cropped-tereza-favicon.jpg\",\"contentUrl\":\"http:\\\/\\\/tereza.org.br\\\/wp-content\\\/uploads\\\/2022\\\/06\\\/cropped-cropped-tereza-favicon.jpg\",\"width\":512,\"height\":512,\"caption\":\"Tereza\"},\"image\":{\"@id\":\"https:\\\/\\\/tereza.org.br\\\/#\\\/schema\\\/logo\\\/image\\\/\"},\"sameAs\":[\"https:\\\/\\\/www.facebook.com\\\/terezavaleapena\\\/\"]}]}<\/script>\n<!-- \/ Yoast SEO plugin. -->","yoast_head_json":{"title":"Mini bolso de abuela - Tereza","description":"Bolso de tela de c\u00e1\u00f1amo estampada, forrado con c\u00e1\u00f1amo natural. Cuenta con un cierre de metal dorado antiguo.","robots":{"index":"index","follow":"follow","max-snippet":"max-snippet:-1","max-image-preview":"max-image-preview:large","max-video-preview":"max-video-preview:-1"},"canonical":"https:\/\/ec2-18-236-27-98.us-west-2.compute.amazonaws.com\/en\/product\/mini-grandma-purse\/","og_locale":"es_ES","og_type":"article","og_title":"Bolsinha Vov\u00f3 Mini - Tereza","og_description":"Bolsa em tecido de c\u00e2nhamo estampado, forrada em c\u00e2nhamo cor natural. Possui fecho da vov\u00f3 em metal na cor ouro velho.","og_url":"https:\/\/ec2-18-236-27-98.us-west-2.compute.amazonaws.com\/en\/product\/mini-grandma-purse\/","og_site_name":"Tereza","article_publisher":"https:\/\/www.facebook.com\/terezavaleapena\/","article_modified_time":"2025-10-07T20:26:53+00:00","og_image":[{"width":800,"height":534,"url":"https:\/\/ec2-18-236-27-98.us-west-2.compute.amazonaws.com\/wp-content\/uploads\/2022\/11\/Copia-de-_DSC2475-Editar-2.jpg","type":"image\/jpeg"}],"twitter_card":"summary_large_image","twitter_misc":{"Tiempo de lectura":"1 minuto"},"schema":{"@context":"https:\/\/schema.org","@graph":[{"@type":"WebPage","@id":"https:\/\/ec2-18-236-27-98.us-west-2.compute.amazonaws.com\/en\/product\/mini-grandma-purse\/","url":"https:\/\/ec2-18-236-27-98.us-west-2.compute.amazonaws.com\/en\/product\/mini-grandma-purse\/","name":"Mini bolso de abuela - Tereza","isPartOf":{"@id":"https:\/\/tereza.org.br\/#website"},"primaryImageOfPage":{"@id":"https:\/\/ec2-18-236-27-98.us-west-2.compute.amazonaws.com\/en\/product\/mini-grandma-purse\/#primaryimage"},"image":{"@id":"https:\/\/ec2-18-236-27-98.us-west-2.compute.amazonaws.com\/en\/product\/mini-grandma-purse\/#primaryimage"},"thumbnailUrl":"https:\/\/tereza.org.br\/wp-content\/uploads\/2022\/11\/Copia-de-_DSC2475-Editar-2.jpg","datePublished":"2022-11-16T19:33:59+00:00","dateModified":"2025-10-07T20:26:53+00:00","description":"Bolso de tela de c\u00e1\u00f1amo estampada, forrado con c\u00e1\u00f1amo natural. Cuenta con un cierre de metal dorado antiguo.","breadcrumb":{"@id":"https:\/\/ec2-18-236-27-98.us-west-2.compute.amazonaws.com\/en\/product\/mini-grandma-purse\/#breadcrumb"},"inLanguage":"es","potentialAction":[{"@type":"ReadAction","target":["https:\/\/ec2-18-236-27-98.us-west-2.compute.amazonaws.com\/en\/product\/mini-grandma-purse\/"]}]},{"@type":"ImageObject","inLanguage":"es","@id":"https:\/\/ec2-18-236-27-98.us-west-2.compute.amazonaws.com\/en\/product\/mini-grandma-purse\/#primaryimage","url":"https:\/\/tereza.org.br\/wp-content\/uploads\/2022\/11\/Copia-de-_DSC2475-Editar-2.jpg","contentUrl":"https:\/\/tereza.org.br\/wp-content\/uploads\/2022\/11\/Copia-de-_DSC2475-Editar-2.jpg","width":800,"height":534,"caption":"Bolsa de tecido de c\u00e2nhamo com fecho da vov\u00f3 em metal"},{"@type":"BreadcrumbList","@id":"https:\/\/ec2-18-236-27-98.us-west-2.compute.amazonaws.com\/en\/product\/mini-grandma-purse\/#breadcrumb","itemListElement":[{"@type":"ListItem","position":1,"name":"In\u00edcio","item":"https:\/\/tereza.org.br\/"},{"@type":"ListItem","position":2,"name":"Loja","item":"https:\/\/18.236.27.98\/loja\/"},{"@type":"ListItem","position":3,"name":"Bolsinha Vov\u00f3 Mini"}]},{"@type":"WebSite","@id":"https:\/\/tereza.org.br\/#website","url":"https:\/\/tereza.org.br\/","name":"Teresa","description":"Vale la pena","publisher":{"@id":"https:\/\/tereza.org.br\/#organization"},"potentialAction":[{"@type":"SearchAction","target":{"@type":"EntryPoint","urlTemplate":"https:\/\/tereza.org.br\/?s={search_term_string}"},"query-input":{"@type":"PropertyValueSpecification","valueRequired":true,"valueName":"search_term_string"}}],"inLanguage":"es"},{"@type":"Organization","@id":"https:\/\/tereza.org.br\/#organization","name":"Teresa","url":"https:\/\/tereza.org.br\/","logo":{"@type":"ImageObject","inLanguage":"es","@id":"https:\/\/tereza.org.br\/#\/schema\/logo\/image\/","url":"https:\/\/tereza.org.br\/wp-content\/uploads\/2022\/06\/cropped-cropped-tereza-favicon.jpg","contentUrl":"https:\/\/tereza.org.br\/wp-content\/uploads\/2022\/06\/cropped-cropped-tereza-favicon.jpg","width":512,"height":512,"caption":"Tereza"},"image":{"@id":"https:\/\/tereza.org.br\/#\/schema\/logo\/image\/"},"sameAs":["https:\/\/www.facebook.com\/terezavaleapena\/"]}]}},"_links":{"self":[{"href":"https:\/\/tereza.org.br\/es\/wp-json\/wp\/v2\/product\/325","targetHints":{"allow":["GET"]}}],"collection":[{"href":"https:\/\/tereza.org.br\/es\/wp-json\/wp\/v2\/product"}],"about":[{"href":"https:\/\/tereza.org.br\/es\/wp-json\/wp\/v2\/types\/product"}],"replies":[{"embeddable":true,"href":"https:\/\/tereza.org.br\/es\/wp-json\/wp\/v2\/comments?post=325"}],"wp:featuredmedia":[{"embeddable":true,"href":"https:\/\/tereza.org.br\/es\/wp-json\/wp\/v2\/media\/326"}],"wp:attachment":[{"href":"https:\/\/tereza.org.br\/es\/wp-json\/wp\/v2\/media?parent=325"}],"wp:term":[{"taxonomy":"product_brand","embeddable":true,"href":"https:\/\/tereza.org.br\/es\/wp-json\/wp\/v2\/product_brand?post=325"},{"taxonomy":"product_cat","embeddable":true,"href":"https:\/\/tereza.org.br\/es\/wp-json\/wp\/v2\/product_cat?post=325"},{"taxonomy":"product_tag","embeddable":true,"href":"https:\/\/tereza.org.br\/es\/wp-json\/wp\/v2\/product_tag?post=325"}],"curies":[{"name":"wp","href":"https:\/\/api.w.org\/{rel}","templated":true}]}}